{"id":125,"date":"2023-04-05T16:25:27","date_gmt":"2023-04-05T14:25:27","guid":{"rendered":"https:\/\/avelismobileconcept.fr\/?page_id=125"},"modified":"2025-12-16T10:45:25","modified_gmt":"2025-12-16T09:45:25","slug":"nos-produits-services","status":"publish","type":"page","link":"https:\/\/avelismobileconcept.fr\/?page_id=125","title":{"rendered":"Nos produits &#038; services"},"content":{"rendered":"\t\t<div data-elementor-type=\"wp-page\" data-elementor-id=\"125\" class=\"elementor elementor-125\">\n\t\t\t\t<div class=\"elementor-element elementor-element-c1dfa24 e-flex e-con-boxed e-con e-parent\" data-id=\"c1dfa24\" data-element_type=\"container\" data-e-type=\"container\">\n\t\t\t\t\t<div class=\"e-con-inner\">\n\t\t\t\t<div class=\"elementor-element elementor-element-fa1c02f elementor-widget elementor-widget-image\" data-id=\"fa1c02f\" data-element_type=\"widget\" data-e-type=\"widget\" data-widget_type=\"image.default\">\n\t\t\t\t\t\t\t\t\t\t\t\t\t\t\t<img decoding=\"async\" src=\"https:\/\/avelismobileconcept.fr\/wp-content\/uploads\/elementor\/thumbs\/Sans-titre-15-rg3ih0di5vzcn9wqwe3ga241d1zzjoh4nv8v3gairs.jpeg\" title=\"Sans titre (15)\" alt=\"Sans titre (15)\" loading=\"lazy\" \/>\t\t\t\t\t\t\t\t\t\t\t\t\t\t\t<\/div>\n\t\t\t\t\t<\/div>\n\t\t\t\t<\/div>\n\t\t<div class=\"elementor-element elementor-element-cbb5746 e-flex e-con-boxed e-con e-parent\" data-id=\"cbb5746\" data-element_type=\"container\" data-e-type=\"container\">\n\t\t\t\t\t<div class=\"e-con-inner\">\n\t\t\t\t<div class=\"elementor-element elementor-element-d10515e elementor-widget elementor-widget-text-editor\" data-id=\"d10515e\" data-element_type=\"widget\" data-e-type=\"widget\" data-widget_type=\"text-editor.default\">\n\t\t\t\t\t\t\t\t\t<p>\ud83d\udcf1 <strong>D\u00e9couvrez tous nos produits de t\u00e9l\u00e9phonie mobile !<\/strong><br \/>Nous vous proposons un large choix de <strong>smartphones<\/strong> neufs et reconditionn\u00e9s, adapt\u00e9s \u00e0 tous les usages et tous les budgets : des mod\u00e8les d&rsquo;entr\u00e9e de gamme aux derni\u00e8res nouveaut\u00e9s des grandes marques.<br \/>Compl\u00e9tez votre \u00e9quipement avec nos <strong>accessoires indispensables<\/strong> :<br \/>\ud83d\udd0c <strong>Chargeurs<\/strong>, c\u00e2bles, batteries externes<br \/>\ud83c\udfa7 <strong>\u00c9couteurs<\/strong>, casques Bluetooth<br \/>\ud83d\udcf1 <strong>Coques<\/strong>, protections d\u2019\u00e9cran, supports voiture<br \/>Chez nous, vous ne trouverez que des produits d&rsquo;origine constructeur ou homologu\u00e9 par les marques que nous proposons.<br \/>\ud83d\udcf1Nous avons tout ce qu&rsquo;il faut pour \u00e9quiper, prot\u00e9ger et personnaliser votre smartphone.\ud83d\udcf1<\/p>\t\t\t\t\t\t\t\t<\/div>\n\t\t\t\t\t<\/div>\n\t\t\t\t<\/div>\n\t\t<div class=\"elementor-element elementor-element-bf3e85a e-flex e-con-boxed e-con e-parent\" data-id=\"bf3e85a\" data-element_type=\"container\" data-e-type=\"container\">\n\t\t\t\t\t<div class=\"e-con-inner\">\n\t\t\t\t<div class=\"elementor-element elementor-element-1f0dbcd elementor-widget elementor-widget-spacer\" data-id=\"1f0dbcd\" data-element_type=\"widget\" data-e-type=\"widget\" data-widget_type=\"spacer.default\">\n\t\t\t\t\t\t\t<div class=\"elementor-spacer\">\n\t\t\t<div class=\"elementor-spacer-inner\"><\/div>\n\t\t<\/div>\n\t\t\t\t\t\t<\/div>\n\t\t\t\t\t<\/div>\n\t\t\t\t<\/div>\n\t\t<div class=\"elementor-element elementor-element-1f2274f e-flex e-con-boxed e-con e-parent\" data-id=\"1f2274f\" data-element_type=\"container\" data-e-type=\"container\">\n\t\t\t\t\t<div class=\"e-con-inner\">\n\t\t\t\t<div class=\"elementor-element elementor-element-7c1b718 elementor-widget elementor-widget-image\" data-id=\"7c1b718\" data-element_type=\"widget\" data-e-type=\"widget\" data-widget_type=\"image.default\">\n\t\t\t\t\t\t\t\t\t\t\t\t\t\t\t<img fetchpriority=\"high\" decoding=\"async\" width=\"1466\" height=\"300\" src=\"https:\/\/avelismobileconcept.fr\/wp-content\/uploads\/2025\/12\/Sans-titre-16.jpeg\" class=\"attachment-full size-full wp-image-2877\" alt=\"\" srcset=\"https:\/\/avelismobileconcept.fr\/wp-content\/uploads\/2025\/12\/Sans-titre-16.jpeg 1466w, https:\/\/avelismobileconcept.fr\/wp-content\/uploads\/2025\/12\/Sans-titre-16-300x61.jpeg 300w, https:\/\/avelismobileconcept.fr\/wp-content\/uploads\/2025\/12\/Sans-titre-16-1024x210.jpeg 1024w, https:\/\/avelismobileconcept.fr\/wp-content\/uploads\/2025\/12\/Sans-titre-16-768x157.jpeg 768w\" sizes=\"(max-width: 1466px) 100vw, 1466px\" \/>\t\t\t\t\t\t\t\t\t\t\t\t\t\t\t<\/div>\n\t\t\t\t\t<\/div>\n\t\t\t\t<\/div>\n\t\t<div class=\"elementor-element elementor-element-e21ea98 e-flex e-con-boxed e-con e-parent\" data-id=\"e21ea98\" data-element_type=\"container\" data-e-type=\"container\">\n\t\t\t\t\t<div class=\"e-con-inner\">\n\t\t\t\t<div class=\"elementor-element elementor-element-715efb6 elementor-widget elementor-widget-text-editor\" data-id=\"715efb6\" data-element_type=\"widget\" data-e-type=\"widget\" data-widget_type=\"text-editor.default\">\n\t\t\t\t\t\t\t\t\t<p>\ud83d\udee0\ufe0f <strong>Nos services en magasin<\/strong><br \/>Nous vous accompagnons \u00e0 chaque \u00e9tape :<br \/>\ud83d\udcf2 <strong>Mise en route<\/strong> et <strong>transfert de donn\u00e9es<\/strong><br \/>\ud83d\udce6 <strong>Location<\/strong> de votre nouvel appareil<br \/>\ud83d\udee1\ufe0f <strong>Assurance mobile<\/strong> et <strong>r\u00e9paration express<\/strong><br \/>\ud83d\udcf6 Souscription rapide \u00e0 un <strong>forfait mobile ou internet<\/strong><br \/>\ud83d\udcac Aide \u00e0 l\u2019utilisation et <strong>conseils personnalis\u00e9s<\/strong><br \/>Grosse <strong>NOUVEAUT\u00c9<\/strong>, nous vous donnons des \u00ab\u00a0<strong>cours<\/strong>\u00a0\u00bb pour apprendre \u00e0 utiliser vos appareils mais <strong>nous nous d\u00e9pla\u00e7ons<\/strong> \u00e9galement chez vous pour vous installer votre <strong>box internet<\/strong>, connecter vos appareils.<\/p>\t\t\t\t\t\t\t\t<\/div>\n\t\t\t\t\t<\/div>\n\t\t\t\t<\/div>\n\t\t\t\t<\/div>\n\t\t","protected":false},"excerpt":{"rendered":"<p>\ud83d\udcf1 D\u00e9couvrez tous nos produits de t\u00e9l\u00e9phonie mobile !Nous vous proposons un large choix de smartphones neufs et reconditionn\u00e9s, adapt\u00e9s \u00e0 tous les usages et tous les budgets : des mod\u00e8les d&rsquo;entr\u00e9e de gamme aux derni\u00e8res nouveaut\u00e9s des grandes marques.Compl\u00e9tez votre \u00e9quipement avec nos accessoires indispensables :\ud83d\udd0c Chargeurs, c\u00e2bles, batteries externes\ud83c\udfa7 \u00c9couteurs, casques Bluetooth\ud83d\udcf1 Coques, [&hellip;]<\/p>\n","protected":false},"author":1,"featured_media":0,"parent":18,"menu_order":0,"comment_status":"closed","ping_status":"closed","template":"","meta":{"ocean_post_layout":"","ocean_both_sidebars_style":"","ocean_both_sidebars_content_width":0,"ocean_both_sidebars_sidebars_width":0,"ocean_sidebar":"","ocean_second_sidebar":"","ocean_disable_margins":"enable","ocean_add_body_class":"","ocean_shortcode_before_top_bar":"","ocean_shortcode_after_top_bar":"","ocean_shortcode_before_header":"","ocean_shortcode_after_header":"","ocean_has_shortcode":"","ocean_shortcode_after_title":"","ocean_shortcode_before_footer_widgets":"","ocean_shortcode_after_footer_widgets":"","ocean_shortcode_before_footer_bottom":"","ocean_shortcode_after_footer_bottom":"","ocean_display_top_bar":"default","ocean_display_header":"default","ocean_header_style":"","ocean_center_header_left_menu":"","ocean_custom_header_template":"","ocean_custom_logo":0,"ocean_custom_retina_logo":0,"ocean_custom_logo_max_width":0,"ocean_custom_logo_tablet_max_width":0,"ocean_custom_logo_mobile_max_width":0,"ocean_custom_logo_max_height":0,"ocean_custom_logo_tablet_max_height":0,"ocean_custom_logo_mobile_max_height":0,"ocean_header_custom_menu":"","ocean_menu_typo_font_family":"","ocean_menu_typo_font_subset":"","ocean_menu_typo_font_size":0,"ocean_menu_typo_font_size_tablet":0,"ocean_menu_typo_font_size_mobile":0,"ocean_menu_typo_font_size_unit":"px","ocean_menu_typo_font_weight":"","ocean_menu_typo_font_weight_tablet":"","ocean_menu_typo_font_weight_mobile":"","ocean_menu_typo_transform":"","ocean_menu_typo_transform_tablet":"","ocean_menu_typo_transform_mobile":"","ocean_menu_typo_line_height":0,"ocean_menu_typo_line_height_tablet":0,"ocean_menu_typo_line_height_mobile":0,"ocean_menu_typo_line_height_unit":"","ocean_menu_typo_spacing":0,"ocean_menu_typo_spacing_tablet":0,"ocean_menu_typo_spacing_mobile":0,"ocean_menu_typo_spacing_unit":"","ocean_menu_link_color":"","ocean_menu_link_color_hover":"","ocean_menu_link_color_active":"","ocean_menu_link_background":"","ocean_menu_link_hover_background":"","ocean_menu_link_active_background":"","ocean_menu_social_links_bg":"","ocean_menu_social_hover_links_bg":"","ocean_menu_social_links_color":"","ocean_menu_social_hover_links_color":"","ocean_disable_title":"default","ocean_disable_heading":"default","ocean_post_title":"","ocean_post_subheading":"","ocean_post_title_style":"","ocean_post_title_background_color":"","ocean_post_title_background":0,"ocean_post_title_bg_image_position":"","ocean_post_title_bg_image_attachment":"","ocean_post_title_bg_image_repeat":"","ocean_post_title_bg_image_size":"","ocean_post_title_height":0,"ocean_post_title_bg_overlay":0.5,"ocean_post_title_bg_overlay_color":"","ocean_disable_breadcrumbs":"default","ocean_breadcrumbs_color":"","ocean_breadcrumbs_separator_color":"","ocean_breadcrumbs_links_color":"","ocean_breadcrumbs_links_hover_color":"","ocean_display_footer_widgets":"default","ocean_display_footer_bottom":"default","ocean_custom_footer_template":"","footnotes":""},"class_list":["post-125","page","type-page","status-publish","hentry","entry"],"jetpack_sharing_enabled":true,"_links":{"self":[{"href":"https:\/\/avelismobileconcept.fr\/index.php?rest_route=\/wp\/v2\/pages\/125","targetHints":{"allow":["GET"]}}],"collection":[{"href":"https:\/\/avelismobileconcept.fr\/index.php?rest_route=\/wp\/v2\/pages"}],"about":[{"href":"https:\/\/avelismobileconcept.fr\/index.php?rest_route=\/wp\/v2\/types\/page"}],"author":[{"embeddable":true,"href":"https:\/\/avelismobileconcept.fr\/index.php?rest_route=\/wp\/v2\/users\/1"}],"replies":[{"embeddable":true,"href":"https:\/\/avelismobileconcept.fr\/index.php?rest_route=%2Fwp%2Fv2%2Fcomments&post=125"}],"version-history":[{"count":34,"href":"https:\/\/avelismobileconcept.fr\/index.php?rest_route=\/wp\/v2\/pages\/125\/revisions"}],"predecessor-version":[{"id":2895,"href":"https:\/\/avelismobileconcept.fr\/index.php?rest_route=\/wp\/v2\/pages\/125\/revisions\/2895"}],"up":[{"embeddable":true,"href":"https:\/\/avelismobileconcept.fr\/index.php?rest_route=\/wp\/v2\/pages\/18"}],"wp:attachment":[{"href":"https:\/\/avelismobileconcept.fr\/index.php?rest_route=%2Fwp%2Fv2%2Fmedia&parent=125"}],"curies":[{"name":"wp","href":"https:\/\/api.w.org\/{rel}","templated":true}]}}