{"id":133,"date":"2023-04-05T16:26:58","date_gmt":"2023-04-05T14:26:58","guid":{"rendered":"https:\/\/avelismobileconcept.fr\/?page_id=133"},"modified":"2025-12-18T13:02:29","modified_gmt":"2025-12-18T12:02:29","slug":"nos-produits","status":"publish","type":"page","link":"https:\/\/avelismobileconcept.fr\/?page_id=133","title":{"rendered":"Nos produits"},"content":{"rendered":"\t\t<div data-elementor-type=\"wp-page\" data-elementor-id=\"133\" class=\"elementor elementor-133\">\n\t\t\t\t<div class=\"elementor-element elementor-element-a6a14d6 e-flex e-con-boxed e-con e-parent\" data-id=\"a6a14d6\" data-element_type=\"container\" data-e-type=\"container\">\n\t\t\t\t\t<div class=\"e-con-inner\">\n\t\t\t\t<div class=\"elementor-element elementor-element-773f232 elementor-widget elementor-widget-image\" data-id=\"773f232\" data-element_type=\"widget\" data-e-type=\"widget\" data-widget_type=\"image.default\">\n\t\t\t\t\t\t\t\t\t\t\t\t\t\t\t<img decoding=\"async\" src=\"https:\/\/avelismobileconcept.fr\/wp-content\/uploads\/elementor\/thumbs\/Sans-titre-15-rg3ih0di5vzcn9wqwe3ga241d1zzjoh4nv8v3gairs.jpeg\" title=\"Sans titre (15)\" alt=\"Sans titre (15)\" loading=\"lazy\" \/>\t\t\t\t\t\t\t\t\t\t\t\t\t\t\t<\/div>\n\t\t\t\t\t<\/div>\n\t\t\t\t<\/div>\n\t\t<div class=\"elementor-element elementor-element-da93820 e-flex e-con-boxed e-con e-parent\" data-id=\"da93820\" data-element_type=\"container\" data-e-type=\"container\">\n\t\t\t\t\t<div class=\"e-con-inner\">\n\t\t\t\t<div class=\"elementor-element elementor-element-e854455 elementor-widget elementor-widget-spacer\" data-id=\"e854455\" data-element_type=\"widget\" data-e-type=\"widget\" data-widget_type=\"spacer.default\">\n\t\t\t\t\t\t\t<div class=\"elementor-spacer\">\n\t\t\t<div class=\"elementor-spacer-inner\"><\/div>\n\t\t<\/div>\n\t\t\t\t\t\t<\/div>\n\t\t\t\t\t<\/div>\n\t\t\t\t<\/div>\n\t\t<div class=\"elementor-element elementor-element-bb87c79 e-flex e-con-boxed e-con e-parent\" data-id=\"bb87c79\" data-element_type=\"container\" data-e-type=\"container\">\n\t\t\t\t\t<div class=\"e-con-inner\">\n\t\t\t\t<div class=\"elementor-element elementor-element-3fe0451 elementor-widget elementor-widget-text-editor\" data-id=\"3fe0451\" data-element_type=\"widget\" data-e-type=\"widget\" data-widget_type=\"text-editor.default\">\n\t\t\t\t\t\t\t\t\t<p>Nous vous pr\u00e9sentons notre s\u00e9lection d&rsquo;<strong>accessoires<\/strong> pour <strong>t\u00e9l\u00e9phones portables<\/strong>, soigneusement choisis pour r\u00e9pondre <strong>\u00e0 tous les besoins<\/strong> et <strong>\u00e0 tous les styles<\/strong>. Que vous soyez \u00e0 la recherche d&rsquo;une coque \u00e9l\u00e9gante, d&rsquo;un verre tremp\u00e9 de qualit\u00e9, d&rsquo;un chargeur rapide, d&rsquo;un support de voiture, d&rsquo;\u00e9couteurs ou encore d&rsquo;un \u00e9tui multifonctions, vous \u00eates au bon endroit. Nous proposons des accessoires <strong>compatibles avec toutes les grandes marques<\/strong> : Apple, Samsung, Xiaomi, Honor, Oppo et bien d&rsquo;autres. Quels que soient votre mod\u00e8le ou pr\u00e9f\u00e9rence, vous trouverez <strong>l&rsquo;accessoire adapt\u00e9 \u00e0 votre t\u00e9l\u00e9phone<\/strong>. Mais au-del\u00e0 du style et du confort d&rsquo;utilisation, il y a un aspect qui reste essentiel, <strong>la protection<\/strong>. Un simple accessoire peut <strong>prolonger la vie<\/strong> de votre appareil, \u00e9viter les r\u00e9parations co\u00fbteuses et offrir <strong>une tranquillit\u00e9 d&rsquo;esprit<\/strong> au quotidien. N&rsquo;h\u00e9sitez pas \u00e0 venir d\u00e9couvrir et laissez-nous vous conseiller pour que vous fassiez <strong>le meilleur choix<\/strong> pour votre appareil.\u00a0\u00a0<\/p>\t\t\t\t\t\t\t\t<\/div>\n\t\t\t\t\t<\/div>\n\t\t\t\t<\/div>\n\t\t<div class=\"elementor-element elementor-element-8c3c88e e-flex e-con-boxed e-con e-parent\" data-id=\"8c3c88e\" data-element_type=\"container\" data-e-type=\"container\">\n\t\t\t\t\t<div class=\"e-con-inner\">\n\t\t\t\t<div class=\"elementor-element elementor-element-d89c633 elementor-widget elementor-widget-spacer\" data-id=\"d89c633\" data-element_type=\"widget\" data-e-type=\"widget\" data-widget_type=\"spacer.default\">\n\t\t\t\t\t\t\t<div class=\"elementor-spacer\">\n\t\t\t<div class=\"elementor-spacer-inner\"><\/div>\n\t\t<\/div>\n\t\t\t\t\t\t<\/div>\n\t\t\t\t\t<\/div>\n\t\t\t\t<\/div>\n\t\t<div class=\"elementor-element elementor-element-8b9e4e9 e-flex e-con-boxed e-con e-parent\" data-id=\"8b9e4e9\" data-element_type=\"container\" data-e-type=\"container\">\n\t\t\t\t\t<div class=\"e-con-inner\">\n\t\t\t\t<div class=\"elementor-element elementor-element-a6a7517 elementor-widget elementor-widget-heading\" data-id=\"a6a7517\" data-element_type=\"widget\" data-e-type=\"widget\" data-widget_type=\"heading.default\">\n\t\t\t\t\t<h2 class=\"elementor-heading-title elementor-size-default\">Voici une partie des marques propos\u00e9es en magasin :<\/h2>\t\t\t\t<\/div>\n\t\t\t\t\t<\/div>\n\t\t\t\t<\/div>\n\t\t<div class=\"elementor-element elementor-element-f2ef122 e-flex e-con-boxed e-con e-parent\" data-id=\"f2ef122\" data-element_type=\"container\" data-e-type=\"container\">\n\t\t\t\t\t<div class=\"e-con-inner\">\n\t\t\t\t<div class=\"elementor-element elementor-element-8fc75c4 elementor-widget elementor-widget-image-carousel\" data-id=\"8fc75c4\" data-element_type=\"widget\" data-e-type=\"widget\" data-settings=\"{&quot;slides_to_show&quot;:&quot;5&quot;,&quot;slides_to_scroll&quot;:&quot;5&quot;,&quot;navigation&quot;:&quot;none&quot;,&quot;autoplay_speed&quot;:6000,&quot;speed&quot;:86,&quot;image_spacing_custom&quot;:{&quot;unit&quot;:&quot;px&quot;,&quot;size&quot;:0,&quot;sizes&quot;:[]},&quot;autoplay&quot;:&quot;yes&quot;,&quot;pause_on_hover&quot;:&quot;yes&quot;,&quot;pause_on_interaction&quot;:&quot;yes&quot;,&quot;infinite&quot;:&quot;yes&quot;,&quot;image_spacing_custom_tablet&quot;:{&quot;unit&quot;:&quot;px&quot;,&quot;size&quot;:&quot;&quot;,&quot;sizes&quot;:[]},&quot;image_spacing_custom_mobile&quot;:{&quot;unit&quot;:&quot;px&quot;,&quot;size&quot;:&quot;&quot;,&quot;sizes&quot;:[]}}\" data-widget_type=\"image-carousel.default\">\n\t\t\t\t\t\t\t<div class=\"elementor-image-carousel-wrapper swiper\" role=\"region\" aria-roledescription=\"carousel\" aria-label=\"Carrousel d\u2019images\" dir=\"ltr\">\n\t\t\t<div class=\"elementor-image-carousel swiper-wrapper\" aria-live=\"off\">\n\t\t\t\t\t\t\t\t<div class=\"swiper-slide\" role=\"group\" aria-roledescription=\"slide\" aria-label=\"1 sur 11\"><figure class=\"swiper-slide-inner\"><img decoding=\"async\" class=\"swiper-slide-image\" src=\"https:\/\/avelismobileconcept.fr\/wp-content\/uploads\/elementor\/thumbs\/Sans-titre-rg3pxu782ktvkfijsc86horygv0vfkodr7je4uiufc.png\" alt=\"Sans titre\" \/><\/figure><\/div><div class=\"swiper-slide\" role=\"group\" aria-roledescription=\"slide\" aria-label=\"2 sur 11\"><figure class=\"swiper-slide-inner\"><img decoding=\"async\" class=\"swiper-slide-image\" src=\"https:\/\/avelismobileconcept.fr\/wp-content\/uploads\/elementor\/thumbs\/Sans-titre-1-rg3pwuhcuvgzb8yfkwscuxsfw7wxb2qkyaqxwbzszs.png\" alt=\"Sans titre (1)\" \/><\/figure><\/div><div class=\"swiper-slide\" role=\"group\" aria-roledescription=\"slide\" aria-label=\"3 sur 11\"><figure class=\"swiper-slide-inner\"><img decoding=\"async\" class=\"swiper-slide-image\" src=\"https:\/\/avelismobileconcept.fr\/wp-content\/uploads\/elementor\/thumbs\/Sans-titre-2-rg3pwwd18jjjygvp9xllzxbd2znnqgy1mk1wuvx0nc.png\" alt=\"Sans titre (2)\" \/><\/figure><\/div><div class=\"swiper-slide\" role=\"group\" aria-roledescription=\"slide\" aria-label=\"4 sur 11\"><figure class=\"swiper-slide-inner\"><img decoding=\"async\" class=\"swiper-slide-image\" src=\"https:\/\/avelismobileconcept.fr\/wp-content\/uploads\/elementor\/thumbs\/Sans-titre-3-rg3pwxavfdkua2uc4g08kf2todj0y61ryopec5vmh4.png\" alt=\"Sans titre (3)\" \/><\/figure><\/div><div class=\"swiper-slide\" role=\"group\" aria-roledescription=\"slide\" aria-label=\"5 sur 11\"><figure class=\"swiper-slide-inner\"><img decoding=\"async\" class=\"swiper-slide-image\" src=\"https:\/\/avelismobileconcept.fr\/wp-content\/uploads\/elementor\/thumbs\/Sans-titre-4-rg3pwz6jt1nexarltgthpelqv59rdk98my0dapsu4o.png\" alt=\"Sans titre (4)\" \/><\/figure><\/div><div class=\"swiper-slide\" role=\"group\" aria-roledescription=\"slide\" aria-label=\"6 sur 11\"><figure class=\"swiper-slide-inner\"><img decoding=\"async\" class=\"swiper-slide-image\" src=\"https:\/\/avelismobileconcept.fr\/wp-content\/uploads\/elementor\/thumbs\/Sans-titre-5-rg3px1286ppzkiovihmque4o1x0hsygpb7bc99q1s8.png\" alt=\"Sans titre (5)\" \/><\/figure><\/div><div class=\"swiper-slide\" role=\"group\" aria-roledescription=\"slide\" aria-label=\"7 sur 11\"><figure class=\"swiper-slide-inner\"><img decoding=\"async\" class=\"swiper-slide-image\" src=\"https:\/\/avelismobileconcept.fr\/wp-content\/uploads\/elementor\/thumbs\/Sans-titre-6-rg3px202djr9w4nid01devw4navv0nkfnbytqjonm0.png\" alt=\"Sans titre (6)\" \/><\/figure><\/div><div class=\"swiper-slide\" role=\"group\" aria-roledescription=\"slide\" aria-label=\"8 sur 11\"><figure class=\"swiper-slide-inner\"><img decoding=\"async\" class=\"swiper-slide-image\" src=\"https:\/\/avelismobileconcept.fr\/wp-content\/uploads\/elementor\/thumbs\/Sans-titre-7-rg3px3vqr7tujcks20umjvf1u2mlg1rwbl9sp3lv9k.png\" alt=\"Sans titre (7)\" \/><\/figure><\/div><div class=\"swiper-slide\" role=\"group\" aria-roledescription=\"slide\" aria-label=\"9 sur 11\"><figure class=\"swiper-slide-inner\"><img decoding=\"async\" class=\"swiper-slide-image\" src=\"https:\/\/avelismobileconcept.fr\/wp-content\/uploads\/elementor\/thumbs\/Sans-titre-8-rg3px5rf4vwf6ki1r1nvouxz0udbvfzczukrnnj2x4.png\" alt=\"Sans titre (8)\" \/><\/figure><\/div><div class=\"swiper-slide\" role=\"group\" aria-roledescription=\"slide\" aria-label=\"10 sur 11\"><figure class=\"swiper-slide-inner\"><img decoding=\"async\" class=\"swiper-slide-image\" src=\"https:\/\/avelismobileconcept.fr\/wp-content\/uploads\/elementor\/thumbs\/Sans-titre-9-rg3px7n3ijyztsfbg2h4tugw7m42au6to3vqm7gako.png\" alt=\"Sans titre (9)\" \/><\/figure><\/div><div class=\"swiper-slide\" role=\"group\" aria-roledescription=\"slide\" aria-label=\"11 sur 11\"><figure class=\"swiper-slide-inner\"><img decoding=\"async\" class=\"swiper-slide-image\" src=\"https:\/\/avelismobileconcept.fr\/wp-content\/uploads\/elementor\/thumbs\/Sans-titre-10-rg3px8kxpe0a5edyakvrec8cszzfijak08j83heweg.png\" alt=\"Sans titre (10)\" \/><\/figure><\/div>\t\t\t<\/div>\n\t\t\t\t\t\t\t\n\t\t\t\t\t\t\t\t\t<\/div>\n\t\t\t\t\t\t<\/div>\n\t\t\t\t\t<\/div>\n\t\t\t\t<\/div>\n\t\t\t\t<\/div>\n\t\t","protected":false},"excerpt":{"rendered":"<p>Nous vous pr\u00e9sentons notre s\u00e9lection d&rsquo;accessoires pour t\u00e9l\u00e9phones portables, soigneusement choisis pour r\u00e9pondre \u00e0 tous les besoins et \u00e0 tous les styles. Que vous soyez \u00e0 la recherche d&rsquo;une coque \u00e9l\u00e9gante, d&rsquo;un verre tremp\u00e9 de qualit\u00e9, d&rsquo;un chargeur rapide, d&rsquo;un support de voiture, d&rsquo;\u00e9couteurs ou encore d&rsquo;un \u00e9tui multifonctions, vous \u00eates au bon endroit. Nous [&hellip;]<\/p>\n","protected":false},"author":1,"featured_media":0,"parent":125,"menu_order":0,"comment_status":"closed","ping_status":"closed","template":"","meta":{"ocean_post_layout":"","ocean_both_sidebars_style":"","ocean_both_sidebars_content_width":0,"ocean_both_sidebars_sidebars_width":0,"ocean_sidebar":"","ocean_second_sidebar":"","ocean_disable_margins":"enable","ocean_add_body_class":"","ocean_shortcode_before_top_bar":"","ocean_shortcode_after_top_bar":"","ocean_shortcode_before_header":"","ocean_shortcode_after_header":"","ocean_has_shortcode":"","ocean_shortcode_after_title":"","ocean_shortcode_before_footer_widgets":"","ocean_shortcode_after_footer_widgets":"","ocean_shortcode_before_footer_bottom":"","ocean_shortcode_after_footer_bottom":"","ocean_display_top_bar":"default","ocean_display_header":"default","ocean_header_style":"","ocean_center_header_left_menu":"","ocean_custom_header_template":"","ocean_custom_logo":0,"ocean_custom_retina_logo":0,"ocean_custom_logo_max_width":0,"ocean_custom_logo_tablet_max_width":0,"ocean_custom_logo_mobile_max_width":0,"ocean_custom_logo_max_height":0,"ocean_custom_logo_tablet_max_height":0,"ocean_custom_logo_mobile_max_height":0,"ocean_header_custom_menu":"","ocean_menu_typo_font_family":"","ocean_menu_typo_font_subset":"","ocean_menu_typo_font_size":0,"ocean_menu_typo_font_size_tablet":0,"ocean_menu_typo_font_size_mobile":0,"ocean_menu_typo_font_size_unit":"px","ocean_menu_typo_font_weight":"","ocean_menu_typo_font_weight_tablet":"","ocean_menu_typo_font_weight_mobile":"","ocean_menu_typo_transform":"","ocean_menu_typo_transform_tablet":"","ocean_menu_typo_transform_mobile":"","ocean_menu_typo_line_height":0,"ocean_menu_typo_line_height_tablet":0,"ocean_menu_typo_line_height_mobile":0,"ocean_menu_typo_line_height_unit":"","ocean_menu_typo_spacing":0,"ocean_menu_typo_spacing_tablet":0,"ocean_menu_typo_spacing_mobile":0,"ocean_menu_typo_spacing_unit":"","ocean_menu_link_color":"","ocean_menu_link_color_hover":"","ocean_menu_link_color_active":"","ocean_menu_link_background":"","ocean_menu_link_hover_background":"","ocean_menu_link_active_background":"","ocean_menu_social_links_bg":"","ocean_menu_social_hover_links_bg":"","ocean_menu_social_links_color":"","ocean_menu_social_hover_links_color":"","ocean_disable_title":"default","ocean_disable_heading":"default","ocean_post_title":"","ocean_post_subheading":"","ocean_post_title_style":"","ocean_post_title_background_color":"","ocean_post_title_background":0,"ocean_post_title_bg_image_position":"","ocean_post_title_bg_image_attachment":"","ocean_post_title_bg_image_repeat":"","ocean_post_title_bg_image_size":"","ocean_post_title_height":0,"ocean_post_title_bg_overlay":0.5,"ocean_post_title_bg_overlay_color":"","ocean_disable_breadcrumbs":"default","ocean_breadcrumbs_color":"","ocean_breadcrumbs_separator_color":"","ocean_breadcrumbs_links_color":"","ocean_breadcrumbs_links_hover_color":"","ocean_display_footer_widgets":"default","ocean_display_footer_bottom":"default","ocean_custom_footer_template":"","footnotes":""},"class_list":["post-133","page","type-page","status-publish","hentry","entry"],"jetpack_sharing_enabled":true,"_links":{"self":[{"href":"https:\/\/avelismobileconcept.fr\/index.php?rest_route=\/wp\/v2\/pages\/133","targetHints":{"allow":["GET"]}}],"collection":[{"href":"https:\/\/avelismobileconcept.fr\/index.php?rest_route=\/wp\/v2\/pages"}],"about":[{"href":"https:\/\/avelismobileconcept.fr\/index.php?rest_route=\/wp\/v2\/types\/page"}],"author":[{"embeddable":true,"href":"https:\/\/avelismobileconcept.fr\/index.php?rest_route=\/wp\/v2\/users\/1"}],"replies":[{"embeddable":true,"href":"https:\/\/avelismobileconcept.fr\/index.php?rest_route=%2Fwp%2Fv2%2Fcomments&post=133"}],"version-history":[{"count":59,"href":"https:\/\/avelismobileconcept.fr\/index.php?rest_route=\/wp\/v2\/pages\/133\/revisions"}],"predecessor-version":[{"id":2898,"href":"https:\/\/avelismobileconcept.fr\/index.php?rest_route=\/wp\/v2\/pages\/133\/revisions\/2898"}],"up":[{"embeddable":true,"href":"https:\/\/avelismobileconcept.fr\/index.php?rest_route=\/wp\/v2\/pages\/125"}],"wp:attachment":[{"href":"https:\/\/avelismobileconcept.fr\/index.php?rest_route=%2Fwp%2Fv2%2Fmedia&parent=133"}],"curies":[{"name":"wp","href":"https:\/\/api.w.org\/{rel}","templated":true}]}}