{"id":137,"date":"2023-04-05T16:27:39","date_gmt":"2023-04-05T14:27:39","guid":{"rendered":"https:\/\/avelismobileconcept.fr\/?page_id=137"},"modified":"2026-04-02T18:17:00","modified_gmt":"2026-04-02T16:17:00","slug":"jonzac-concept","status":"publish","type":"page","link":"https:\/\/avelismobileconcept.fr\/?page_id=137","title":{"rendered":"OFFRES BAZILE"},"content":{"rendered":"\t\t<div data-elementor-type=\"wp-page\" data-elementor-id=\"137\" class=\"elementor elementor-137\">\n\t\t\t\t<div class=\"elementor-element elementor-element-0c7d01f e-flex e-con-boxed e-con e-parent\" data-id=\"0c7d01f\" data-element_type=\"container\" data-e-type=\"container\">\n\t\t\t\t\t<div class=\"e-con-inner\">\n\t\t\t\t<div class=\"elementor-element elementor-element-3dbaa7e elementor-arrows-position-inside elementor-widget elementor-widget-image-carousel\" data-id=\"3dbaa7e\" data-element_type=\"widget\" data-e-type=\"widget\" data-settings=\"{&quot;slides_to_show&quot;:&quot;1&quot;,&quot;navigation&quot;:&quot;arrows&quot;,&quot;autoplay&quot;:&quot;yes&quot;,&quot;pause_on_hover&quot;:&quot;yes&quot;,&quot;pause_on_interaction&quot;:&quot;yes&quot;,&quot;autoplay_speed&quot;:5000,&quot;infinite&quot;:&quot;yes&quot;,&quot;effect&quot;:&quot;slide&quot;,&quot;speed&quot;:500}\" data-widget_type=\"image-carousel.default\">\n\t\t\t\t\t\t\t<div class=\"elementor-image-carousel-wrapper swiper\" role=\"region\" aria-roledescription=\"carousel\" aria-label=\"Carrousel d\u2019images\" dir=\"ltr\">\n\t\t\t<div class=\"elementor-image-carousel swiper-wrapper\" aria-live=\"off\">\n\t\t\t\t\t\t\t\t<div class=\"swiper-slide\" role=\"group\" aria-roledescription=\"slide\" aria-label=\"1 sur 1\"><figure class=\"swiper-slide-inner\"><img decoding=\"async\" class=\"swiper-slide-image\" src=\"https:\/\/avelismobileconcept.fr\/wp-content\/uploads\/elementor\/thumbs\/Sans-titre-10-rirjxqu8swaov44kwoqhat1r9ng3gkq5iwour19abs.png\" alt=\"Sans titre (10)\" \/><\/figure><\/div>\t\t\t<\/div>\n\t\t\t\t\t<\/div>\n\t\t\t\t\t\t<\/div>\n\t\t\t\t\t<\/div>\n\t\t\t\t<\/div>\n\t\t<div class=\"elementor-element elementor-element-093d0e0 e-flex e-con-boxed e-con e-parent\" data-id=\"093d0e0\" data-element_type=\"container\" data-e-type=\"container\">\n\t\t\t\t\t<div class=\"e-con-inner\">\n\t\t\t\t<div class=\"elementor-element elementor-element-497db9c elementor-widget elementor-widget-heading\" data-id=\"497db9c\" data-element_type=\"widget\" data-e-type=\"widget\" data-widget_type=\"heading.default\">\n\t\t\t\t\t<h1 class=\"elementor-heading-title elementor-size-default\">Profitez d'une gamme d'abonnements mobiles con\u00e7us pour r\u00e9pondre aux besoins de tous, avec des forfaits flexibles et comp\u00e9titifs. Que ce soit pour les appels, les SMS, le DATA (internet mobile) ou une combinaison des trois, nous avons la possibilit\u00e9 de vous offrir une vari\u00e9t\u00e9 d'options et donc vous proposer le forfait qui vous convient le mieux.<\/h1>\t\t\t\t<\/div>\n\t\t\t\t\t<\/div>\n\t\t\t\t<\/div>\n\t\t<div class=\"elementor-element elementor-element-0538a02 e-flex e-con-boxed e-con e-parent\" data-id=\"0538a02\" data-element_type=\"container\" data-e-type=\"container\">\n\t\t\t\t\t<div class=\"e-con-inner\">\n\t\t\t\t<div class=\"elementor-element elementor-element-d602217 elementor-widget elementor-widget-spacer\" data-id=\"d602217\" data-element_type=\"widget\" data-e-type=\"widget\" data-widget_type=\"spacer.default\">\n\t\t\t\t\t\t\t<div class=\"elementor-spacer\">\n\t\t\t<div class=\"elementor-spacer-inner\"><\/div>\n\t\t<\/div>\n\t\t\t\t\t\t<\/div>\n\t\t\t\t\t<\/div>\n\t\t\t\t<\/div>\n\t\t<div class=\"elementor-element elementor-element-cf8cb92 e-flex e-con-boxed e-con e-parent\" data-id=\"cf8cb92\" data-element_type=\"container\" data-e-type=\"container\">\n\t\t\t\t\t<div class=\"e-con-inner\">\n\t\t\t\t<div class=\"elementor-element elementor-element-e1c7f93 elementor-widget elementor-widget-text-editor\" data-id=\"e1c7f93\" data-element_type=\"widget\" data-e-type=\"widget\" data-widget_type=\"text-editor.default\">\n\t\t\t\t\t\t\t\t\t<p>Vous souhaitez revoir le prix de votre forfait ou tout simplement changer de fournisseur r\u00e9seau sans pour autant changer de smartphone ? Venez d\u00e9couvrir nos forfaits avec 12 mois d&rsquo;engagement &#8230; Du petit prix et sur le r\u00e9seau Orange.<\/p>\t\t\t\t\t\t\t\t<\/div>\n\t\t\t\t\t<\/div>\n\t\t\t\t<\/div>\n\t\t<div class=\"elementor-element elementor-element-5402207 e-flex e-con-boxed e-con e-parent\" data-id=\"5402207\" data-element_type=\"container\" data-e-type=\"container\">\n\t\t\t\t\t<div class=\"e-con-inner\">\n\t\t<div class=\"elementor-element elementor-element-73b86b8 e-con-full e-flex e-con e-child\" data-id=\"73b86b8\" data-element_type=\"container\" data-e-type=\"container\">\n\t\t\t\t<div class=\"elementor-element elementor-element-89aaa80 elementor-widget elementor-widget-image\" data-id=\"89aaa80\" data-element_type=\"widget\" data-e-type=\"widget\" data-widget_type=\"image.default\">\n\t\t\t\t\t\t\t\t\t\t\t\t\t\t\t<img decoding=\"async\" src=\"https:\/\/avelismobileconcept.fr\/wp-content\/uploads\/elementor\/thumbs\/5GO-Bazile-1466-350-new-rlbctx5qvhhj9kdlx8wiggrcp71xecnfchqc7jaw4s.png\" title=\"5GO Bazile 1466 350 new\" alt=\"5GO Bazile 1466 350 new\" class=\"elementor-animation-grow\" loading=\"lazy\" \/>\t\t\t\t\t\t\t\t\t\t\t\t\t\t\t<\/div>\n\t\t\t\t<\/div>\n\t\t<div class=\"elementor-element elementor-element-49cf778 e-con-full e-flex e-con e-child\" data-id=\"49cf778\" data-element_type=\"container\" data-e-type=\"container\">\n\t\t\t\t<div class=\"elementor-element elementor-element-a72b5a4 elementor-widget elementor-widget-image\" data-id=\"a72b5a4\" data-element_type=\"widget\" data-e-type=\"widget\" data-widget_type=\"image.default\">\n\t\t\t\t\t\t\t\t\t\t\t\t\t\t\t<img decoding=\"async\" src=\"https:\/\/avelismobileconcept.fr\/wp-content\/uploads\/elementor\/thumbs\/40GO-Bazile-733-350-new-rlbcty3c4v3xgffzzr2znznspkouofsb70u1nxat4c.png\" title=\"40GO Bazile 733 350 new\" alt=\"40GO Bazile 733 350 new\" class=\"elementor-animation-grow\" loading=\"lazy\" \/>\t\t\t\t\t\t\t\t\t\t\t\t\t\t\t<\/div>\n\t\t\t\t<\/div>\n\t\t<div class=\"elementor-element elementor-element-04adfa6 e-con-full e-flex e-con e-child\" data-id=\"04adfa6\" data-element_type=\"container\" data-e-type=\"container\">\n\t\t\t\t<div class=\"elementor-element elementor-element-e4376c2 elementor-widget elementor-widget-image\" data-id=\"e4376c2\" data-element_type=\"widget\" data-e-type=\"widget\" data-widget_type=\"image.default\">\n\t\t\t\t\t\t\t\t\t\t\t\t\t\t\t<img decoding=\"async\" src=\"https:\/\/avelismobileconcept.fr\/wp-content\/uploads\/elementor\/thumbs\/170GO-Bazile-733-350-new-rlbctz16bp57s1emu9hm8hf9ayk7w4w1j5hj579ey4.png\" title=\"170GO Bazile 733 350 new\" alt=\"170GO Bazile 733 350 new\" class=\"elementor-animation-grow\" loading=\"lazy\" \/>\t\t\t\t\t\t\t\t\t\t\t\t\t\t\t<\/div>\n\t\t\t\t<\/div>\n\t\t<div class=\"elementor-element elementor-element-5974bab e-con-full e-flex e-con e-child\" data-id=\"5974bab\" data-element_type=\"container\" data-e-type=\"container\">\n\t\t\t\t<div class=\"elementor-element elementor-element-837e33f elementor-widget elementor-widget-image\" data-id=\"837e33f\" data-element_type=\"widget\" data-e-type=\"widget\" data-widget_type=\"image.default\">\n\t\t\t\t\t\t\t\t\t\t\t\t\t\t\t<img decoding=\"async\" src=\"https:\/\/avelismobileconcept.fr\/wp-content\/uploads\/elementor\/thumbs\/70GO-Bazile-1466-350-new-rlbcty3l2bitl6c8rrb50yitakxam1r5omdtot9hyk.png\" title=\"70GO Bazile 1466 350 new\" alt=\"70GO Bazile 1466 350 new\" class=\"elementor-animation-grow\" loading=\"lazy\" \/>\t\t\t\t\t\t\t\t\t\t\t\t\t\t\t<\/div>\n\t\t\t\t<\/div>\n\t\t\t\t\t<\/div>\n\t\t\t\t<\/div>\n\t\t<div class=\"elementor-element elementor-element-60348a5 e-flex e-con-boxed e-con e-parent\" data-id=\"60348a5\" data-element_type=\"container\" data-e-type=\"container\">\n\t\t\t\t\t<div class=\"e-con-inner\">\n\t\t\t\t<div class=\"elementor-element elementor-element-259e94e elementor-widget elementor-widget-spacer\" data-id=\"259e94e\" data-element_type=\"widget\" data-e-type=\"widget\" data-widget_type=\"spacer.default\">\n\t\t\t\t\t\t\t<div class=\"elementor-spacer\">\n\t\t\t<div class=\"elementor-spacer-inner\"><\/div>\n\t\t<\/div>\n\t\t\t\t\t\t<\/div>\n\t\t\t\t\t<\/div>\n\t\t\t\t<\/div>\n\t\t<div class=\"elementor-element elementor-element-881cd55 e-flex e-con-boxed e-con e-parent\" data-id=\"881cd55\" data-element_type=\"container\" data-e-type=\"container\">\n\t\t\t\t\t<div class=\"e-con-inner\">\n\t\t\t\t<div class=\"elementor-element elementor-element-2d8ea0e elementor-widget elementor-widget-text-editor\" data-id=\"2d8ea0e\" data-element_type=\"widget\" data-e-type=\"widget\" data-widget_type=\"text-editor.default\">\n\t\t\t\t\t\t\t\t\t<p>Vous souhaitez tout changer. Le forfait mais aussi le smartphone. Nous pouvons \u00e9galement vous proposer un forfait avec 24 mois d&rsquo;engagement pour pouvoir b\u00e9n\u00e9ficier d&rsquo;un prix plus avantageux sur le smartphone. Que du neuf !!<\/p>\t\t\t\t\t\t\t\t<\/div>\n\t\t\t\t\t<\/div>\n\t\t\t\t<\/div>\n\t\t<div class=\"elementor-element elementor-element-c563740 e-flex e-con-boxed e-con e-parent\" data-id=\"c563740\" data-element_type=\"container\" data-e-type=\"container\">\n\t\t\t\t\t<div class=\"e-con-inner\">\n\t\t\t\t<div class=\"elementor-element elementor-element-960d9ae elementor-widget elementor-widget-spacer\" data-id=\"960d9ae\" data-element_type=\"widget\" data-e-type=\"widget\" data-widget_type=\"spacer.default\">\n\t\t\t\t\t\t\t<div class=\"elementor-spacer\">\n\t\t\t<div class=\"elementor-spacer-inner\"><\/div>\n\t\t<\/div>\n\t\t\t\t\t\t<\/div>\n\t\t\t\t\t<\/div>\n\t\t\t\t<\/div>\n\t\t<div class=\"elementor-element elementor-element-3661e0e e-flex e-con-boxed e-con e-parent\" data-id=\"3661e0e\" data-element_type=\"container\" data-e-type=\"container\">\n\t\t\t\t\t<div class=\"e-con-inner\">\n\t\t<div class=\"elementor-element elementor-element-5fec1be e-con-full e-flex e-con e-child\" data-id=\"5fec1be\" data-element_type=\"container\" data-e-type=\"container\">\n\t\t\t\t<div class=\"elementor-element elementor-element-90da9b4 elementor-widget elementor-widget-image\" data-id=\"90da9b4\" data-element_type=\"widget\" data-e-type=\"widget\" data-widget_type=\"image.default\">\n\t\t\t\t\t\t\t\t\t\t\t\t\t\t\t<img decoding=\"async\" src=\"https:\/\/avelismobileconcept.fr\/wp-content\/uploads\/elementor\/thumbs\/30GO-24M-Bazile-733-300-new-rlf82w37h3uveo36j3dwywn3y9javdt19ncoq99ago.png\" title=\"30GO 24M Bazile 733 300\u00a0new\" alt=\"30GO 24M Bazile 733 300\u00a0new\" loading=\"lazy\" \/>\t\t\t\t\t\t\t\t\t\t\t\t\t\t\t<\/div>\n\t\t\t\t<\/div>\n\t\t<div class=\"elementor-element elementor-element-9935dba e-con-full e-flex e-con e-child\" data-id=\"9935dba\" data-element_type=\"container\" data-e-type=\"container\">\n\t\t\t\t<div class=\"elementor-element elementor-element-b174c62 elementor-widget elementor-widget-image\" data-id=\"b174c62\" data-element_type=\"widget\" data-e-type=\"widget\" data-widget_type=\"image.default\">\n\t\t\t\t\t\t\t\t\t\t\t\t\t\t\t<img decoding=\"async\" src=\"https:\/\/avelismobileconcept.fr\/wp-content\/uploads\/elementor\/thumbs\/40GO-24M-Bazile-440-300-new-1-rlf82xymxbijx547g3z0qxb0k11ld61ngb3vnx7ta0.png\" title=\"40GO 24M Bazile 440 300\u00a0new\u00a0(1)\" alt=\"40GO 24M Bazile 440 300\u00a0new\u00a0(1)\" loading=\"lazy\" \/>\t\t\t\t\t\t\t\t\t\t\t\t\t\t\t<\/div>\n\t\t\t\t<\/div>\n\t\t<div class=\"elementor-element elementor-element-c2972ea e-con-full e-flex e-con e-child\" data-id=\"c2972ea\" data-element_type=\"container\" data-e-type=\"container\">\n\t\t\t\t<div class=\"elementor-element elementor-element-2021f43 elementor-widget elementor-widget-image\" data-id=\"2021f43\" data-element_type=\"widget\" data-e-type=\"widget\" data-widget_type=\"image.default\">\n\t\t\t\t\t\t\t\t\t\t\t\t\t\t\t<img decoding=\"async\" src=\"https:\/\/avelismobileconcept.fr\/wp-content\/uploads\/elementor\/thumbs\/80GO-24M-Bazile-440-300-new-1-rlf82ywh45ju8r2uamdnbf2h5ewykv5dsfrd576f3s.png\" title=\"80GO 24M Bazile 440 300\u00a0new\u00a0(1)\" alt=\"80GO 24M Bazile 440 300\u00a0new\u00a0(1)\" loading=\"lazy\" \/>\t\t\t\t\t\t\t\t\t\t\t\t\t\t\t<\/div>\n\t\t\t\t<\/div>\n\t\t<div class=\"elementor-element elementor-element-1db3062 e-con-full e-flex e-con e-child\" data-id=\"1db3062\" data-element_type=\"container\" data-e-type=\"container\">\n\t\t\t\t<div class=\"elementor-element elementor-element-9cc9b54 elementor-widget elementor-widget-image\" data-id=\"9cc9b54\" data-element_type=\"widget\" data-e-type=\"widget\" data-widget_type=\"image.default\">\n\t\t\t\t\t\t\t\t\t\t\t\t\t\t\t<img decoding=\"async\" src=\"https:\/\/avelismobileconcept.fr\/wp-content\/uploads\/elementor\/thumbs\/120GO-24M-Bazile-440-300-new-1-rlf82zuk8g00p3xpx50f8voybt0rq67ym5ymnd3prs.png\" title=\"120GO 24M Bazile 440 300\u00a0new\u00a0(1)\" alt=\"120GO 24M Bazile 440 300\u00a0new\u00a0(1)\" loading=\"lazy\" \/>\t\t\t\t\t\t\t\t\t\t\t\t\t\t\t<\/div>\n\t\t\t\t<\/div>\n\t\t\t\t<div class=\"elementor-element elementor-element-ac19b13 elementor-widget elementor-widget-image\" data-id=\"ac19b13\" data-element_type=\"widget\" data-e-type=\"widget\" data-widget_type=\"image.default\">\n\t\t\t\t\t\t\t\t\t\t\t\t\t\t\t<img decoding=\"async\" src=\"https:\/\/avelismobileconcept.fr\/wp-content\/uploads\/elementor\/thumbs\/200GO-24M-Bazile-440-300-new-1-rlf831qhk09udw2bslh0hbpkpf20rfpim07g9w11h4.png\" title=\"200GO 24M Bazile 440 300\u00a0new (1)\" alt=\"200GO 24M Bazile 440 300\u00a0new (1)\" loading=\"lazy\" \/>\t\t\t\t\t\t\t\t\t\t\t\t\t\t\t<\/div>\n\t\t\t\t\t<\/div>\n\t\t\t\t<\/div>\n\t\t<div class=\"elementor-element elementor-element-c673781 e-flex e-con-boxed e-con e-parent\" data-id=\"c673781\" data-element_type=\"container\" data-e-type=\"container\">\n\t\t\t\t\t<div class=\"e-con-inner\">\n\t\t\t\t<div class=\"elementor-element elementor-element-7e68398 elementor-widget elementor-widget-spacer\" data-id=\"7e68398\" data-element_type=\"widget\" data-e-type=\"widget\" data-widget_type=\"spacer.default\">\n\t\t\t\t\t\t\t<div class=\"elementor-spacer\">\n\t\t\t<div class=\"elementor-spacer-inner\"><\/div>\n\t\t<\/div>\n\t\t\t\t\t\t<\/div>\n\t\t\t\t\t<\/div>\n\t\t\t\t<\/div>\n\t\t<div class=\"elementor-element elementor-element-d4b1af9 e-flex e-con-boxed e-con e-parent\" data-id=\"d4b1af9\" data-element_type=\"container\" data-e-type=\"container\">\n\t\t\t\t\t<div class=\"e-con-inner\">\n\t\t\t\t<div class=\"elementor-element elementor-element-162992b elementor-widget elementor-widget-heading\" data-id=\"162992b\" data-element_type=\"widget\" data-e-type=\"widget\" data-widget_type=\"heading.default\">\n\t\t\t\t\t<h2 class=\"elementor-heading-title elementor-size-default\">\u00c9galement disponible, un forfait sans engagement : <\/h2>\t\t\t\t<\/div>\n\t\t\t\t\t<\/div>\n\t\t\t\t<\/div>\n\t\t<div class=\"elementor-element elementor-element-4d8ac17 e-flex e-con-boxed e-con e-parent\" data-id=\"4d8ac17\" data-element_type=\"container\" data-e-type=\"container\">\n\t\t\t\t\t<div class=\"e-con-inner\">\n\t\t\t\t<div class=\"elementor-element elementor-element-4cc6b3e elementor-widget elementor-widget-image\" data-id=\"4cc6b3e\" data-element_type=\"widget\" data-e-type=\"widget\" data-widget_type=\"image.default\">\n\t\t\t\t\t\t\t\t\t\t\t\t\t\t\t<img decoding=\"async\" src=\"https:\/\/avelismobileconcept.fr\/wp-content\/uploads\/elementor\/thumbs\/Bazile-Sans-engagement-1466-300-rirhx4stwqnw0spp27sr0yj5ak5eoo860yi0emv2uw.png\" title=\"Bazile Sans engagement 1466 300\" alt=\"Bazile Sans engagement 1466 300\" loading=\"lazy\" \/>\t\t\t\t\t\t\t\t\t\t\t\t\t\t\t<\/div>\n\t\t\t\t\t<\/div>\n\t\t\t\t<\/div>\n\t\t\t\t<\/div>\n\t\t","protected":false},"excerpt":{"rendered":"<p>Profitez d&rsquo;une gamme d&rsquo;abonnements mobiles con\u00e7us pour r\u00e9pondre aux besoins de tous, avec des forfaits flexibles et comp\u00e9titifs. Que ce soit pour les appels, les SMS, le DATA (internet mobile) ou une combinaison des trois, nous avons la possibilit\u00e9 de vous offrir une vari\u00e9t\u00e9 d&rsquo;options et donc vous proposer le forfait qui vous convient le [&hellip;]<\/p>\n","protected":false},"author":1,"featured_media":0,"parent":115,"menu_order":0,"comment_status":"closed","ping_status":"closed","template":"","meta":{"ocean_post_layout":"","ocean_both_sidebars_style":"","ocean_both_sidebars_content_width":0,"ocean_both_sidebars_sidebars_width":0,"ocean_sidebar":"","ocean_second_sidebar":"","ocean_disable_margins":"enable","ocean_add_body_class":"","ocean_shortcode_before_top_bar":"","ocean_shortcode_after_top_bar":"","ocean_shortcode_before_header":"","ocean_shortcode_after_header":"","ocean_has_shortcode":"","ocean_shortcode_after_title":"","ocean_shortcode_before_footer_widgets":"","ocean_shortcode_after_footer_widgets":"","ocean_shortcode_before_footer_bottom":"","ocean_shortcode_after_footer_bottom":"","ocean_display_top_bar":"default","ocean_display_header":"default","ocean_header_style":"","ocean_center_header_left_menu":"","ocean_custom_header_template":"","ocean_custom_logo":0,"ocean_custom_retina_logo":0,"ocean_custom_logo_max_width":0,"ocean_custom_logo_tablet_max_width":0,"ocean_custom_logo_mobile_max_width":0,"ocean_custom_logo_max_height":0,"ocean_custom_logo_tablet_max_height":0,"ocean_custom_logo_mobile_max_height":0,"ocean_header_custom_menu":"","ocean_menu_typo_font_family":"","ocean_menu_typo_font_subset":"","ocean_menu_typo_font_size":0,"ocean_menu_typo_font_size_tablet":0,"ocean_menu_typo_font_size_mobile":0,"ocean_menu_typo_font_size_unit":"px","ocean_menu_typo_font_weight":"","ocean_menu_typo_font_weight_tablet":"","ocean_menu_typo_font_weight_mobile":"","ocean_menu_typo_transform":"","ocean_menu_typo_transform_tablet":"","ocean_menu_typo_transform_mobile":"","ocean_menu_typo_line_height":0,"ocean_menu_typo_line_height_tablet":0,"ocean_menu_typo_line_height_mobile":0,"ocean_menu_typo_line_height_unit":"","ocean_menu_typo_spacing":0,"ocean_menu_typo_spacing_tablet":0,"ocean_menu_typo_spacing_mobile":0,"ocean_menu_typo_spacing_unit":"","ocean_menu_link_color":"","ocean_menu_link_color_hover":"","ocean_menu_link_color_active":"","ocean_menu_link_background":"","ocean_menu_link_hover_background":"","ocean_menu_link_active_background":"","ocean_menu_social_links_bg":"","ocean_menu_social_hover_links_bg":"","ocean_menu_social_links_color":"","ocean_menu_social_hover_links_color":"","ocean_disable_title":"default","ocean_disable_heading":"default","ocean_post_title":"","ocean_post_subheading":"","ocean_post_title_style":"","ocean_post_title_background_color":"","ocean_post_title_background":0,"ocean_post_title_bg_image_position":"","ocean_post_title_bg_image_attachment":"","ocean_post_title_bg_image_repeat":"","ocean_post_title_bg_image_size":"","ocean_post_title_height":0,"ocean_post_title_bg_overlay":0.5,"ocean_post_title_bg_overlay_color":"","ocean_disable_breadcrumbs":"default","ocean_breadcrumbs_color":"","ocean_breadcrumbs_separator_color":"","ocean_breadcrumbs_links_color":"","ocean_breadcrumbs_links_hover_color":"","ocean_display_footer_widgets":"default","ocean_display_footer_bottom":"default","ocean_custom_footer_template":"","footnotes":""},"class_list":["post-137","page","type-page","status-publish","hentry","entry"],"jetpack_sharing_enabled":true,"_links":{"self":[{"href":"https:\/\/avelismobileconcept.fr\/index.php?rest_route=\/wp\/v2\/pages\/137","targetHints":{"allow":["GET"]}}],"collection":[{"href":"https:\/\/avelismobileconcept.fr\/index.php?rest_route=\/wp\/v2\/pages"}],"about":[{"href":"https:\/\/avelismobileconcept.fr\/index.php?rest_route=\/wp\/v2\/types\/page"}],"author":[{"embeddable":true,"href":"https:\/\/avelismobileconcept.fr\/index.php?rest_route=\/wp\/v2\/users\/1"}],"replies":[{"embeddable":true,"href":"https:\/\/avelismobileconcept.fr\/index.php?rest_route=%2Fwp%2Fv2%2Fcomments&post=137"}],"version-history":[{"count":159,"href":"https:\/\/avelismobileconcept.fr\/index.php?rest_route=\/wp\/v2\/pages\/137\/revisions"}],"predecessor-version":[{"id":3671,"href":"https:\/\/avelismobileconcept.fr\/index.php?rest_route=\/wp\/v2\/pages\/137\/revisions\/3671"}],"up":[{"embeddable":true,"href":"https:\/\/avelismobileconcept.fr\/index.php?rest_route=\/wp\/v2\/pages\/115"}],"wp:attachment":[{"href":"https:\/\/avelismobileconcept.fr\/index.php?rest_route=%2Fwp%2Fv2%2Fmedia&parent=137"}],"curies":[{"name":"wp","href":"https:\/\/api.w.org\/{rel}","templated":true}]}}