{"id":2765,"date":"2025-12-10T14:25:55","date_gmt":"2025-12-10T13:25:55","guid":{"rendered":"https:\/\/avelismobileconcept.fr\/?page_id=2765"},"modified":"2026-02-25T11:32:09","modified_gmt":"2026-02-25T10:32:09","slug":"nouveaute","status":"publish","type":"page","link":"https:\/\/avelismobileconcept.fr\/?page_id=2765","title":{"rendered":"TECH SUPPORT"},"content":{"rendered":"\t\t<div data-elementor-type=\"wp-page\" data-elementor-id=\"2765\" class=\"elementor elementor-2765\">\n\t\t\t\t<div class=\"elementor-element elementor-element-2967c13 e-flex e-con-boxed e-con e-parent\" data-id=\"2967c13\" data-element_type=\"container\" data-e-type=\"container\">\n\t\t\t\t\t<div class=\"e-con-inner\">\n\t\t\t\t<div class=\"elementor-element elementor-element-07fd493 elementor-arrows-position-inside elementor-pagination-position-outside elementor-widget elementor-widget-image-carousel\" data-id=\"07fd493\" data-element_type=\"widget\" data-e-type=\"widget\" data-settings=\"{&quot;slides_to_show&quot;:&quot;1&quot;,&quot;effect&quot;:&quot;fade&quot;,&quot;navigation&quot;:&quot;both&quot;,&quot;autoplay&quot;:&quot;yes&quot;,&quot;pause_on_hover&quot;:&quot;yes&quot;,&quot;pause_on_interaction&quot;:&quot;yes&quot;,&quot;autoplay_speed&quot;:5000,&quot;infinite&quot;:&quot;yes&quot;,&quot;speed&quot;:500}\" data-widget_type=\"image-carousel.default\">\n\t\t\t\t\t\t\t<div class=\"elementor-image-carousel-wrapper swiper\" role=\"region\" aria-roledescription=\"carousel\" aria-label=\"Carrousel d\u2019images\" dir=\"ltr\">\n\t\t\t<div class=\"elementor-image-carousel swiper-wrapper\" aria-live=\"off\">\n\t\t\t\t\t\t\t\t<div class=\"swiper-slide\" role=\"group\" aria-roledescription=\"slide\" aria-label=\"1 sur 5\"><figure class=\"swiper-slide-inner\"><img decoding=\"async\" class=\"swiper-slide-image\" src=\"https:\/\/avelismobileconcept.fr\/wp-content\/uploads\/elementor\/thumbs\/Banniere-presentation-rjmdm0t13gh5cf0y11s7khxxc1h42tm6wiqi5vjseg.png\" alt=\"Bannie\u0300re pre\u0301sentation\" \/><\/figure><\/div><div class=\"swiper-slide\" role=\"group\" aria-roledescription=\"slide\" aria-label=\"2 sur 5\"><figure class=\"swiper-slide-inner\"><img decoding=\"async\" class=\"swiper-slide-image\" src=\"https:\/\/avelismobileconcept.fr\/wp-content\/uploads\/elementor\/thumbs\/Banniere-learning-1-1-rjfwegy881lkkg175ixyel47v82w2uuwyecd0lpu2w.png\" alt=\"Bannie\u0300re learning\u00a0(1)\u00a0(1)\" \/><\/figure><\/div><div class=\"swiper-slide\" role=\"group\" aria-roledescription=\"slide\" aria-label=\"3 sur 5\"><figure class=\"swiper-slide-inner\"><img decoding=\"async\" class=\"swiper-slide-image\" src=\"https:\/\/avelismobileconcept.fr\/wp-content\/uploads\/elementor\/thumbs\/Aide-domicile-rjo54g9zekfchjuxvvdb80xgilyclrl0xaow9ffr0o.png\" alt=\"Aide domicile\" \/><\/figure><\/div><div class=\"swiper-slide\" role=\"group\" aria-roledescription=\"slide\" aria-label=\"4 sur 5\"><figure class=\"swiper-slide-inner\"><img decoding=\"async\" class=\"swiper-slide-image\" src=\"https:\/\/avelismobileconcept.fr\/wp-content\/uploads\/elementor\/thumbs\/Analyse-forfait-rjcfz40dfjoz5sjwgsqrmfqsqw9tp341fmlcddb3wo.png\" alt=\"Analyse forfait\" \/><\/figure><\/div><div class=\"swiper-slide\" role=\"group\" aria-roledescription=\"slide\" aria-label=\"5 sur 5\"><figure class=\"swiper-slide-inner\"><img decoding=\"async\" class=\"swiper-slide-image\" src=\"https:\/\/avelismobileconcept.fr\/wp-content\/uploads\/elementor\/thumbs\/Transfert-rjfmci9mfs3jq7szrkcwqfd4qm5gyuw06ug51oek5k.png\" alt=\"Transfert\" \/><\/figure><\/div>\t\t\t<\/div>\n\t\t\t\t\t\t\t\t\t\t\t\t<div class=\"elementor-swiper-button elementor-swiper-button-prev\" role=\"button\" tabindex=\"0\">\n\t\t\t\t\t\t<svg aria-hidden=\"true\" class=\"e-font-icon-svg e-eicon-chevron-left\" viewBox=\"0 0 1000 1000\" xmlns=\"http:\/\/www.w3.org\/2000\/svg\"><path d=\"M646 125C629 125 613 133 604 142L308 442C296 454 292 471 292 487 292 504 296 521 308 533L604 854C617 867 629 875 646 875 663 875 679 871 692 858 704 846 713 829 713 812 713 796 708 779 692 767L438 487 692 225C700 217 708 204 708 187 708 171 704 154 692 142 675 129 663 125 646 125Z\"><\/path><\/svg>\t\t\t\t\t<\/div>\n\t\t\t\t\t<div class=\"elementor-swiper-button elementor-swiper-button-next\" role=\"button\" tabindex=\"0\">\n\t\t\t\t\t\t<svg aria-hidden=\"true\" class=\"e-font-icon-svg e-eicon-chevron-right\" viewBox=\"0 0 1000 1000\" xmlns=\"http:\/\/www.w3.org\/2000\/svg\"><path d=\"M696 533C708 521 713 504 713 487 713 471 708 454 696 446L400 146C388 133 375 125 354 125 338 125 325 129 313 142 300 154 292 171 292 187 292 204 296 221 308 233L563 492 304 771C292 783 288 800 288 817 288 833 296 850 308 863 321 871 338 875 354 875 371 875 388 867 400 854L696 533Z\"><\/path><\/svg>\t\t\t\t\t<\/div>\n\t\t\t\t\n\t\t\t\t\t\t\t\t\t<div class=\"swiper-pagination\"><\/div>\n\t\t\t\t\t\t\t\t\t<\/div>\n\t\t\t\t\t\t<\/div>\n\t\t\t\t\t<\/div>\n\t\t\t\t<\/div>\n\t\t<div class=\"elementor-element elementor-element-3a9037b e-flex e-con-boxed e-con e-parent\" data-id=\"3a9037b\" data-element_type=\"container\" data-e-type=\"container\">\n\t\t\t\t\t<div class=\"e-con-inner\">\n\t\t\t\t<div class=\"elementor-element elementor-element-fcdb2e7 elementor-widget elementor-widget-spacer\" data-id=\"fcdb2e7\" data-element_type=\"widget\" data-e-type=\"widget\" data-widget_type=\"spacer.default\">\n\t\t\t\t\t\t\t<div class=\"elementor-spacer\">\n\t\t\t<div class=\"elementor-spacer-inner\"><\/div>\n\t\t<\/div>\n\t\t\t\t\t\t<\/div>\n\t\t\t\t\t<\/div>\n\t\t\t\t<\/div>\n\t\t<div class=\"elementor-element elementor-element-c8981e8 e-flex e-con-boxed e-con e-parent\" data-id=\"c8981e8\" data-element_type=\"container\" data-e-type=\"container\">\n\t\t\t\t\t<div class=\"e-con-inner\">\n\t\t<div class=\"elementor-element elementor-element-86de345 e-con-full e-flex e-con e-child\" data-id=\"86de345\" data-element_type=\"container\" data-e-type=\"container\">\n\t\t\t\t<div class=\"elementor-element elementor-element-c958ccc elementor-widget elementor-widget-image\" data-id=\"c958ccc\" data-element_type=\"widget\" data-e-type=\"widget\" data-widget_type=\"image.default\">\n\t\t\t\t\t\t\t\t\t\t\t\t\t\t\t<img decoding=\"async\" src=\"https:\/\/avelismobileconcept.fr\/wp-content\/uploads\/elementor\/thumbs\/Analyse-forfait-1-rje35i9bddecxq91tl0yup6zfae7dkfmzygrskj0fs.png\" title=\"Analyse forfait\u00a0(1)\" alt=\"Analyse forfait\u00a0(1)\" loading=\"lazy\" \/>\t\t\t\t\t\t\t\t\t\t\t\t\t\t\t<\/div>\n\t\t\t\t<\/div>\n\t\t<div class=\"elementor-element elementor-element-a166a3d e-con-full e-flex e-con e-child\" data-id=\"a166a3d\" data-element_type=\"container\" data-e-type=\"container\">\n\t\t<div class=\"elementor-element elementor-element-1e6b2c7 e-con-full e-flex e-con e-child\" data-id=\"1e6b2c7\" data-element_type=\"container\" data-e-type=\"container\">\n\t\t\t\t<div class=\"elementor-element elementor-element-5a10e53 elementor-widget elementor-widget-text-editor\" data-id=\"5a10e53\" data-element_type=\"widget\" data-e-type=\"widget\" data-widget_type=\"text-editor.default\">\n\t\t\t\t\t\t\t\t\t<p data-start=\"35\" data-end=\"296\"><strong data-start=\"35\" data-end=\"94\">\ud83d\udcf1 Et si vous faisiez le point sur votre offre mobile ?<\/strong><br data-start=\"94\" data-end=\"97\" \/>Les besoins \u00e9voluent\u2026 et vos forfaits aussi !<br data-start=\"142\" data-end=\"145\" \/>Passez en magasin pour v\u00e9rifier que votre offre est toujours adapt\u00e9e \u00e0 votre consommation. On regarde tout ensemble, simplement et avec le sourire \ud83d\ude0a<\/p><p data-start=\"298\" data-end=\"410\">\ud83d\udc49 Optimiser votre forfait<br data-start=\"324\" data-end=\"327\" \/>\ud83d\udc49 \u00c9viter les d\u00e9penses inutiles<br data-start=\"358\" data-end=\"361\" \/>\ud83d\udc49 Trouver l\u2019offre qui vous correspond vraiment<\/p>\t\t\t\t\t\t\t\t<\/div>\n\t\t\t\t<\/div>\n\t\t<div class=\"elementor-element elementor-element-fb12788 e-con-full e-flex e-con e-child\" data-id=\"fb12788\" data-element_type=\"container\" data-e-type=\"container\">\n\t\t\t\t<div class=\"elementor-element elementor-element-b4d7e3a elementor-align-center elementor-widget elementor-widget-button\" data-id=\"b4d7e3a\" data-element_type=\"widget\" data-e-type=\"widget\" data-widget_type=\"button.default\">\n\t\t\t\t\t\t\t\t\t\t<a class=\"elementor-button elementor-button-link elementor-size-sm\" href=\"https:\/\/calendly.com\/contact-mobileconcept\/faire-le-point\" target=\"_blank\">\n\t\t\t\t\t\t<span class=\"elementor-button-content-wrapper\">\n\t\t\t\t\t\t\t\t\t<span class=\"elementor-button-text\">Je prends RDV<\/span>\n\t\t\t\t\t<\/span>\n\t\t\t\t\t<\/a>\n\t\t\t\t\t\t\t\t<\/div>\n\t\t\t\t<\/div>\n\t\t\t\t<\/div>\n\t\t\t\t\t<\/div>\n\t\t\t\t<\/div>\n\t\t<div class=\"elementor-element elementor-element-4715c8b e-flex e-con-boxed e-con e-parent\" data-id=\"4715c8b\" data-element_type=\"container\" data-e-type=\"container\">\n\t\t\t\t\t<div class=\"e-con-inner\">\n\t\t\t\t<div class=\"elementor-element elementor-element-be405a5 elementor-widget elementor-widget-spacer\" data-id=\"be405a5\" data-element_type=\"widget\" data-e-type=\"widget\" data-widget_type=\"spacer.default\">\n\t\t\t\t\t\t\t<div class=\"elementor-spacer\">\n\t\t\t<div class=\"elementor-spacer-inner\"><\/div>\n\t\t<\/div>\n\t\t\t\t\t\t<\/div>\n\t\t\t\t\t<\/div>\n\t\t\t\t<\/div>\n\t\t<div class=\"elementor-element elementor-element-02ce2be e-flex e-con-boxed e-con e-parent\" data-id=\"02ce2be\" data-element_type=\"container\" data-e-type=\"container\">\n\t\t\t\t\t<div class=\"e-con-inner\">\n\t\t<div class=\"elementor-element elementor-element-7c282c8 e-con-full e-flex e-con e-child\" data-id=\"7c282c8\" data-element_type=\"container\" data-e-type=\"container\">\n\t\t\t\t<div class=\"elementor-element elementor-element-d4d0b3b elementor-widget elementor-widget-image\" data-id=\"d4d0b3b\" data-element_type=\"widget\" data-e-type=\"widget\" data-widget_type=\"image.default\">\n\t\t\t\t\t\t\t\t\t\t\t\t\t\t\t<img decoding=\"async\" src=\"https:\/\/avelismobileconcept.fr\/wp-content\/uploads\/elementor\/thumbs\/Aide-domicile-1-rjo594ilik6e49adysv4lpg8b1hosbxo89zif6hj3s.png\" title=\"Aide domicile\u00a0(1)\" alt=\"Aide domicile\u00a0(1)\" loading=\"lazy\" \/>\t\t\t\t\t\t\t\t\t\t\t\t\t\t\t<\/div>\n\t\t\t\t<\/div>\n\t\t<div class=\"elementor-element elementor-element-b91ecd4 e-con-full e-flex e-con e-child\" data-id=\"b91ecd4\" data-element_type=\"container\" data-e-type=\"container\">\n\t\t<div class=\"elementor-element elementor-element-60f7f51 e-con-full e-flex e-con e-child\" data-id=\"60f7f51\" data-element_type=\"container\" data-e-type=\"container\">\n\t\t\t\t<div class=\"elementor-element elementor-element-589d671 elementor-widget elementor-widget-text-editor\" data-id=\"589d671\" data-element_type=\"widget\" data-e-type=\"widget\" data-widget_type=\"text-editor.default\">\n\t\t\t\t\t\t\t\t\t<p data-start=\"126\" data-end=\"266\"><strong data-start=\"126\" data-end=\"186\">Besoin d\u2019aide avec votre box internet ou vos appareils ?<\/strong><br data-start=\"186\" data-end=\"189\">\nNous nous d\u00e9pla\u00e7ons directement \u00e0 votre domicile pour vous accompagner \ud83d\udc4b<\/p><p data-start=\"273\" data-end=\"458\">Param\u00e9trage de box internet, connexion de vos appareils (ordinateur, smartphone, tablette, TV\u2026), aide \u00e0 l\u2019utilisation au quotidien : on s\u2019occupe de tout, simplement et \u00e0 votre rythme.<\/p><p data-start=\"465\" data-end=\"566\">Un service pratique, personnalis\u00e9 et sans stress, pour que tout fonctionne comme il faut chez vous.<\/p><p data-start=\"35\" data-end=\"296\">\n\n\n<\/p><p data-start=\"573\" data-end=\"695\">\ud83d\udccd Intervention \u00e0 domicile<br data-start=\"599\" data-end=\"602\">\n\ud83e\udd1d Accompagnement clair et patient<br data-start=\"638\" data-end=\"641\">\n\ud83d\udcde Renseignements et prise de rendez-vous en magasin<\/p>\t\t\t\t\t\t\t\t<\/div>\n\t\t\t\t<\/div>\n\t\t\t\t<\/div>\n\t\t\t\t\t<\/div>\n\t\t\t\t<\/div>\n\t\t<div class=\"elementor-element elementor-element-db43efa e-flex e-con-boxed e-con e-parent\" data-id=\"db43efa\" data-element_type=\"container\" data-e-type=\"container\">\n\t\t\t\t\t<div class=\"e-con-inner\">\n\t\t\t\t<div class=\"elementor-element elementor-element-31ab935 elementor-widget elementor-widget-spacer\" data-id=\"31ab935\" data-element_type=\"widget\" data-e-type=\"widget\" data-widget_type=\"spacer.default\">\n\t\t\t\t\t\t\t<div class=\"elementor-spacer\">\n\t\t\t<div class=\"elementor-spacer-inner\"><\/div>\n\t\t<\/div>\n\t\t\t\t\t\t<\/div>\n\t\t\t\t\t<\/div>\n\t\t\t\t<\/div>\n\t\t<div class=\"elementor-element elementor-element-f2bc8ac e-flex e-con-boxed e-con e-parent\" data-id=\"f2bc8ac\" data-element_type=\"container\" data-e-type=\"container\">\n\t\t\t\t\t<div class=\"e-con-inner\">\n\t\t<div class=\"elementor-element elementor-element-dc4a5af e-con-full e-flex e-con e-child\" data-id=\"dc4a5af\" data-element_type=\"container\" data-e-type=\"container\">\n\t\t\t\t<div class=\"elementor-element elementor-element-b1b0138 elementor-widget elementor-widget-image\" data-id=\"b1b0138\" data-element_type=\"widget\" data-e-type=\"widget\" data-widget_type=\"image.default\">\n\t\t\t\t\t\t\t\t\t\t\t\t\t\t\t<img decoding=\"async\" src=\"https:\/\/avelismobileconcept.fr\/wp-content\/uploads\/elementor\/thumbs\/Transfert-1-rjfml4fv7r8w21i9tp7e2m2i8898fpw4dc92o7lw54.png\" title=\"Transfert\u00a0(1)\" alt=\"Transfert\u00a0(1)\" loading=\"lazy\" \/>\t\t\t\t\t\t\t\t\t\t\t\t\t\t\t<\/div>\n\t\t\t\t<\/div>\n\t\t<div class=\"elementor-element elementor-element-44881ce e-con-full e-flex e-con e-child\" data-id=\"44881ce\" data-element_type=\"container\" data-e-type=\"container\">\n\t\t<div class=\"elementor-element elementor-element-48d0b56 e-con-full e-flex e-con e-child\" data-id=\"48d0b56\" data-element_type=\"container\" data-e-type=\"container\">\n\t\t\t\t<div class=\"elementor-element elementor-element-558f9fa elementor-widget elementor-widget-text-editor\" data-id=\"558f9fa\" data-element_type=\"widget\" data-e-type=\"widget\" data-widget_type=\"text-editor.default\">\n\t\t\t\t\t\t\t\t\t<p data-start=\"126\" data-end=\"266\">Quand on change de t\u00e9l\u00e9phone, une question revient toujours :\u00a0<em>\u00ab Et mes donn\u00e9es ? \u00bb<\/em>\u00a0Photos, contacts, messages, applications\u2026 personne n\u2019a envie de tout perdre ni de passer des heures \u00e0 tout reconfigurer. C\u2019est pourquoi nous vous proposons un\u00a0<strong>service de transfert de donn\u00e9es complet<\/strong>,\u00a0<strong>simple et s\u00e9curis\u00e9<\/strong>. En quelques minutes, nous transf\u00e9rons pour vous : \u2013 Vos\u00a0<strong>photos et vid\u00e9os<\/strong>; vos\u00a0<strong>contacts et messages<\/strong>; vos\u00a0<strong>applications et param\u00e8tres<\/strong>, si compatibles. Et m\u00eame vos\u00a0<strong>comptes et documents<\/strong>, selon les mod\u00e8les. Que vous passiez d\u2019un iPhone \u00e0 un Android, ou d\u2019un ancien mod\u00e8le \u00e0 un nouveau, on s\u2019occupe de tout. Et bien s\u00fbr, tout cela est fait\u00a0<strong>de mani\u00e8re confidentielle et s\u00e9curis\u00e9e<\/strong>, ici m\u00eame, avec votre accord. C\u2019est la solution id\u00e9ale pour repartir\u00a0<strong>avec un t\u00e9l\u00e9phone pr\u00eat \u00e0 l\u2019emploi<\/strong>, comme si c\u2019\u00e9tait toujours le v\u00f4tre\u2026 en mieux !<\/p>\t\t\t\t\t\t\t\t<\/div>\n\t\t\t\t<\/div>\n\t\t\t\t<\/div>\n\t\t\t\t\t<\/div>\n\t\t\t\t<\/div>\n\t\t<div class=\"elementor-element elementor-element-9efc325 e-flex e-con-boxed e-con e-parent\" data-id=\"9efc325\" data-element_type=\"container\" data-e-type=\"container\">\n\t\t\t\t\t<div class=\"e-con-inner\">\n\t\t\t\t<div class=\"elementor-element elementor-element-792213f elementor-widget elementor-widget-spacer\" data-id=\"792213f\" data-element_type=\"widget\" data-e-type=\"widget\" data-widget_type=\"spacer.default\">\n\t\t\t\t\t\t\t<div class=\"elementor-spacer\">\n\t\t\t<div class=\"elementor-spacer-inner\"><\/div>\n\t\t<\/div>\n\t\t\t\t\t\t<\/div>\n\t\t\t\t\t<\/div>\n\t\t\t\t<\/div>\n\t\t<div class=\"elementor-element elementor-element-4c7b449 e-flex e-con-boxed e-con e-parent\" data-id=\"4c7b449\" data-element_type=\"container\" data-e-type=\"container\">\n\t\t\t\t\t<div class=\"e-con-inner\">\n\t\t<div class=\"elementor-element elementor-element-41ab44a e-con-full e-flex e-con e-child\" data-id=\"41ab44a\" data-element_type=\"container\" data-e-type=\"container\">\n\t\t\t\t<div class=\"elementor-element elementor-element-eeb33a1 elementor-widget elementor-widget-image\" data-id=\"eeb33a1\" data-element_type=\"widget\" data-e-type=\"widget\" data-widget_type=\"image.default\">\n\t\t\t\t\t\t\t\t\t\t\t\t\t\t\t<img decoding=\"async\" src=\"https:\/\/avelismobileconcept.fr\/wp-content\/uploads\/elementor\/thumbs\/Banniere-learning-1-rjft24nlda7q271x8f225tbzerssimwr2m25di4lq0.png\" title=\"Bannie\u0300re learning\u00a0(1)\" alt=\"Bannie\u0300re learning\u00a0(1)\" loading=\"lazy\" \/>\t\t\t\t\t\t\t\t\t\t\t\t\t\t\t<\/div>\n\t\t\t\t<\/div>\n\t\t<div class=\"elementor-element elementor-element-a0edfde e-con-full e-flex e-con e-child\" data-id=\"a0edfde\" data-element_type=\"container\" data-e-type=\"container\">\n\t\t<div class=\"elementor-element elementor-element-ac85d28 e-con-full e-flex e-con e-child\" data-id=\"ac85d28\" data-element_type=\"container\" data-e-type=\"container\">\n\t\t\t\t<div class=\"elementor-element elementor-element-ac87414 elementor-widget elementor-widget-text-editor\" data-id=\"ac87414\" data-element_type=\"widget\" data-e-type=\"widget\" data-widget_type=\"text-editor.default\">\n\t\t\t\t\t\t\t\t\t<p data-start=\"126\" data-end=\"266\">Vous avez un\u00a0<strong>smartphone<\/strong>\u00a0mais vous \u00e9prouvez\u00a0<strong>des difficult\u00e9s \u00e0 l\u2019utiliser<\/strong>\u00a0? Nous avons maintenant la solution en magasin. Nous donnons\u00a0<strong>des cours personnalis\u00e9s<\/strong>\u00a0pour que vous puissiez ensuite utiliser au mieux votre appareil.<br \/>C\u2019est simple, vous venez en magasin, nous fixons une date. Ensuite avant\u00a0<strong>le cours<\/strong>, vous prenez le temps de marquer toutes les questions que vous vous posez. Le jour\u00a0<strong>du cours<\/strong>, nous r\u00e9pondons \u00e0 vos questions et nous vous montrons \u00e9galement toutes les astuces que vous pouvez \u00e9galement utiliser. Apr\u00e8s\u00a0<strong>ce cours<\/strong>, deux ou trois jours apr\u00e8s, vous pourrez r\u00e9cup\u00e9rer\u00a0<strong>un fascicule<\/strong>\u00a0avec tout ce que nous avons pu voir pendant le cours. N\u2019h\u00e9sitez pas \u00e0 nous demander.<\/p>\t\t\t\t\t\t\t\t<\/div>\n\t\t\t\t<\/div>\n\t\t\t\t<\/div>\n\t\t\t\t\t<\/div>\n\t\t\t\t<\/div>\n\t\t\t\t<\/div>\n\t\t","protected":false},"excerpt":{"rendered":"<p>\ud83d\udcf1 Et si vous faisiez le point sur votre offre mobile ?Les besoins \u00e9voluent\u2026 et vos forfaits aussi !Passez en magasin pour v\u00e9rifier que votre offre est toujours adapt\u00e9e \u00e0 votre consommation. On regarde tout ensemble, simplement et avec le sourire \ud83d\ude0a \ud83d\udc49 Optimiser votre forfait\ud83d\udc49 \u00c9viter les d\u00e9penses inutiles\ud83d\udc49 Trouver l\u2019offre qui vous correspond [&hellip;]<\/p>\n","protected":false},"author":1,"featured_media":0,"parent":0,"menu_order":0,"comment_status":"closed","ping_status":"closed","template":"","meta":{"ocean_post_layout":"","ocean_both_sidebars_style":"","ocean_both_sidebars_content_width":0,"ocean_both_sidebars_sidebars_width":0,"ocean_sidebar":"","ocean_second_sidebar":"","ocean_disable_margins":"enable","ocean_add_body_class":"","ocean_shortcode_before_top_bar":"","ocean_shortcode_after_top_bar":"","ocean_shortcode_before_header":"","ocean_shortcode_after_header":"","ocean_has_shortcode":"","ocean_shortcode_after_title":"","ocean_shortcode_before_footer_widgets":"","ocean_shortcode_after_footer_widgets":"","ocean_shortcode_before_footer_bottom":"","ocean_shortcode_after_footer_bottom":"","ocean_display_top_bar":"default","ocean_display_header":"default","ocean_header_style":"","ocean_center_header_left_menu":"","ocean_custom_header_template":"","ocean_custom_logo":0,"ocean_custom_retina_logo":0,"ocean_custom_logo_max_width":0,"ocean_custom_logo_tablet_max_width":0,"ocean_custom_logo_mobile_max_width":0,"ocean_custom_logo_max_height":0,"ocean_custom_logo_tablet_max_height":0,"ocean_custom_logo_mobile_max_height":0,"ocean_header_custom_menu":"","ocean_menu_typo_font_family":"","ocean_menu_typo_font_subset":"","ocean_menu_typo_font_size":0,"ocean_menu_typo_font_size_tablet":0,"ocean_menu_typo_font_size_mobile":0,"ocean_menu_typo_font_size_unit":"px","ocean_menu_typo_font_weight":"","ocean_menu_typo_font_weight_tablet":"","ocean_menu_typo_font_weight_mobile":"","ocean_menu_typo_transform":"","ocean_menu_typo_transform_tablet":"","ocean_menu_typo_transform_mobile":"","ocean_menu_typo_line_height":0,"ocean_menu_typo_line_height_tablet":0,"ocean_menu_typo_line_height_mobile":0,"ocean_menu_typo_line_height_unit":"","ocean_menu_typo_spacing":0,"ocean_menu_typo_spacing_tablet":0,"ocean_menu_typo_spacing_mobile":0,"ocean_menu_typo_spacing_unit":"","ocean_menu_link_color":"","ocean_menu_link_color_hover":"","ocean_menu_link_color_active":"","ocean_menu_link_background":"","ocean_menu_link_hover_background":"","ocean_menu_link_active_background":"","ocean_menu_social_links_bg":"","ocean_menu_social_hover_links_bg":"","ocean_menu_social_links_color":"","ocean_menu_social_hover_links_color":"","ocean_disable_title":"default","ocean_disable_heading":"default","ocean_post_title":"","ocean_post_subheading":"","ocean_post_title_style":"","ocean_post_title_background_color":"","ocean_post_title_background":0,"ocean_post_title_bg_image_position":"","ocean_post_title_bg_image_attachment":"","ocean_post_title_bg_image_repeat":"","ocean_post_title_bg_image_size":"","ocean_post_title_height":0,"ocean_post_title_bg_overlay":0.5,"ocean_post_title_bg_overlay_color":"","ocean_disable_breadcrumbs":"default","ocean_breadcrumbs_color":"","ocean_breadcrumbs_separator_color":"","ocean_breadcrumbs_links_color":"","ocean_breadcrumbs_links_hover_color":"","ocean_display_footer_widgets":"default","ocean_display_footer_bottom":"default","ocean_custom_footer_template":"","footnotes":""},"class_list":["post-2765","page","type-page","status-publish","hentry","entry"],"jetpack_sharing_enabled":true,"_links":{"self":[{"href":"https:\/\/avelismobileconcept.fr\/index.php?rest_route=\/wp\/v2\/pages\/2765","targetHints":{"allow":["GET"]}}],"collection":[{"href":"https:\/\/avelismobileconcept.fr\/index.php?rest_route=\/wp\/v2\/pages"}],"about":[{"href":"https:\/\/avelismobileconcept.fr\/index.php?rest_route=\/wp\/v2\/types\/page"}],"author":[{"embeddable":true,"href":"https:\/\/avelismobileconcept.fr\/index.php?rest_route=\/wp\/v2\/users\/1"}],"replies":[{"embeddable":true,"href":"https:\/\/avelismobileconcept.fr\/index.php?rest_route=%2Fwp%2Fv2%2Fcomments&post=2765"}],"version-history":[{"count":56,"href":"https:\/\/avelismobileconcept.fr\/index.php?rest_route=\/wp\/v2\/pages\/2765\/revisions"}],"predecessor-version":[{"id":3528,"href":"https:\/\/avelismobileconcept.fr\/index.php?rest_route=\/wp\/v2\/pages\/2765\/revisions\/3528"}],"wp:attachment":[{"href":"https:\/\/avelismobileconcept.fr\/index.php?rest_route=%2Fwp%2Fv2%2Fmedia&parent=2765"}],"curies":[{"name":"wp","href":"https:\/\/api.w.org\/{rel}","templated":true}]}}