{"id":319,"date":"2023-08-06T09:34:08","date_gmt":"2023-08-06T07:34:08","guid":{"rendered":"https:\/\/avelismobileconcept.fr\/?page_id=319"},"modified":"2026-02-17T17:54:51","modified_gmt":"2026-02-17T16:54:51","slug":"services-financiers","status":"publish","type":"page","link":"https:\/\/avelismobileconcept.fr\/?page_id=319","title":{"rendered":"Services financiers"},"content":{"rendered":"\t\t<div data-elementor-type=\"wp-page\" data-elementor-id=\"319\" class=\"elementor elementor-319\">\n\t\t\t\t<div class=\"elementor-element elementor-element-52cbb35 e-flex e-con-boxed e-con e-parent\" data-id=\"52cbb35\" data-element_type=\"container\" data-e-type=\"container\">\n\t\t\t\t\t<div class=\"e-con-inner\">\n\t\t<div class=\"elementor-element elementor-element-b85b27f e-con-full e-flex e-con e-child\" data-id=\"b85b27f\" data-element_type=\"container\" data-e-type=\"container\">\n\t\t\t\t<div class=\"elementor-element elementor-element-41f6ffc elementor-widget elementor-widget-text-editor\" data-id=\"41f6ffc\" data-element_type=\"widget\" data-e-type=\"widget\" data-widget_type=\"text-editor.default\">\n\t\t\t\t\t\t\t\t\t<p>En\u00a0<strong>deux minutes chrono<\/strong>, on assure votre t\u00e9l\u00e9phone contre la casse, le vol, l\u2019oxydation. Les avantages de souscrire une\u00a0<strong>assurance<\/strong>\u00a0chez nous, votre appareil est prot\u00e9g\u00e9\u00a0<strong>d\u00e8s l\u2019achat<\/strong>, tout est couvert*. Si un\u00a0<strong>sinistre<\/strong>\u00a0est ouvert, nous avons une r\u00e9ponse sous 24 \u00e0 48 heures pour savoir si nous r\u00e9parons ou bien nous changeons\u00a0<strong>l\u2019appareil<\/strong>. C\u2019est rapide et on s\u2019occupe de tout en magasin.<br \/><strong>A PARTIR DE 3,90\u20ac \/ MOIS<\/strong><br \/>Le premier\u00a0<strong>mois<\/strong>\u00a0est\u00a0<strong>OFFERT<\/strong><br \/><br \/>*Voir conditions en magasin<\/p>\t\t\t\t\t\t\t\t<\/div>\n\t\t\t\t<\/div>\n\t\t<div class=\"elementor-element elementor-element-d0e7c49 e-con-full e-flex e-con e-child\" data-id=\"d0e7c49\" data-element_type=\"container\" data-e-type=\"container\">\n\t\t\t\t<div class=\"elementor-element elementor-element-e19014a elementor-widget elementor-widget-image\" data-id=\"e19014a\" data-element_type=\"widget\" data-e-type=\"widget\" data-widget_type=\"image.default\">\n\t\t\t\t\t\t\t\t\t\t\t\t\t\t\t<img decoding=\"async\" src=\"https:\/\/avelismobileconcept.fr\/wp-content\/uploads\/elementor\/thumbs\/Banniere-assurances-1-1-rjaog03d8um2l8i2e8y12mfkxguj0563bwqh4nf9qg.png\" title=\"Bannie\u0300re assurances\u00a0(1) (1)\" alt=\"Bannie\u0300re assurances\u00a0(1) (1)\" loading=\"lazy\" \/>\t\t\t\t\t\t\t\t\t\t\t\t\t\t\t<\/div>\n\t\t\t\t<\/div>\n\t\t\t\t\t<\/div>\n\t\t\t\t<\/div>\n\t\t<div class=\"elementor-element elementor-element-9c1cb41 e-flex e-con-boxed e-con e-parent\" data-id=\"9c1cb41\" data-element_type=\"container\" data-e-type=\"container\">\n\t\t\t\t\t<div class=\"e-con-inner\">\n\t\t<div class=\"elementor-element elementor-element-1d8f4e9 e-con-full e-flex e-con e-child\" data-id=\"1d8f4e9\" data-element_type=\"container\" data-e-type=\"container\">\n\t\t\t\t<div class=\"elementor-element elementor-element-ade6262 elementor-widget elementor-widget-text-editor\" data-id=\"ade6262\" data-element_type=\"widget\" data-e-type=\"widget\" data-widget_type=\"text-editor.default\">\n\t\t\t\t\t\t\t\t\t<p>Choisissez ce que vous souhaitez acheter.\u00a0<strong>Un t\u00e9l\u00e9phone, une tablette, une r\u00e9paration<\/strong>\u00a0\u2026 Un minimum de\u00a0<strong>200\u20ac<\/strong>\u00a0d\u2019achat \u2026 Hop \u2026<br \/>Il ne reste qu\u2019a choisir le nombre de mensualit\u00e9 et on effectue le\u00a0<strong>dossier<\/strong>. Nous avons une r\u00e9ponse dans la minute pour savoir si le dossier est\u00a0<strong>accept\u00e9 ou non<\/strong>.<br \/>Grace au paiement en plusieurs fois, profitez des\u00a0<strong>derniers mod\u00e8les disponibles<\/strong>\u00a0ou bien r\u00e9gl\u00e9 une\u00a0<strong>r\u00e9paration impr\u00e9vue<\/strong>. Comme tous nos autres services, tout se fait en magasin.<\/p>\t\t\t\t\t\t\t\t<\/div>\n\t\t\t\t<\/div>\n\t\t<div class=\"elementor-element elementor-element-cbc5e18 e-con-full e-flex e-con e-child\" data-id=\"cbc5e18\" data-element_type=\"container\" data-e-type=\"container\">\n\t\t\t\t<div class=\"elementor-element elementor-element-63288c7 elementor-widget elementor-widget-image\" data-id=\"63288c7\" data-element_type=\"widget\" data-e-type=\"widget\" data-widget_type=\"image.default\">\n\t\t\t\t\t\t\t\t\t\t\t\t\t\t\t<img decoding=\"async\" src=\"https:\/\/avelismobileconcept.fr\/wp-content\/uploads\/elementor\/thumbs\/cofidis-1-1-rjaobenru0bltv6d89fovs6gdnhxdexc15x0ny8k5k.png\" title=\"cofidis\u00a0(1) (1)\" alt=\"cofidis\u00a0(1) (1)\" loading=\"lazy\" \/>\t\t\t\t\t\t\t\t\t\t\t\t\t\t\t<\/div>\n\t\t\t\t<\/div>\n\t\t\t\t\t<\/div>\n\t\t\t\t<\/div>\n\t\t<div class=\"elementor-element elementor-element-eaefcf0 e-flex e-con-boxed e-con e-parent\" data-id=\"eaefcf0\" data-element_type=\"container\" data-e-type=\"container\">\n\t\t\t\t\t<div class=\"e-con-inner\">\n\t\t<div class=\"elementor-element elementor-element-2b63f4b e-con-full e-flex e-con e-child\" data-id=\"2b63f4b\" data-element_type=\"container\" data-e-type=\"container\">\n\t\t\t\t<div class=\"elementor-element elementor-element-112aa59 elementor-widget elementor-widget-text-editor\" data-id=\"112aa59\" data-element_type=\"widget\" data-e-type=\"widget\" data-widget_type=\"text-editor.default\">\n\t\t\t\t\t\t\t\t\t<p>Vivre l\u2019exp\u00e9rience\u00a0<strong>haut de gamme<\/strong>, sans se ruiner ! Vous choisissez votre\u00a0<strong>smartphone<\/strong>\u00a0(Apple, Samsung, Xiaomi). On vous propose ensuite une dur\u00e9e de\u00a0<strong>location avec des loyers fixes<\/strong>\u00a0tous les mois. Plusieurs services sont inclus dans cette location. Tout d\u2019abord la\u00a0<strong>garantie<\/strong>\u00a0de l\u2019appareil mais aussi une\u00a0<strong>extension de garantie<\/strong>\u00a0pour \u00eatre prot\u00e9g\u00e9 contre la casse, l\u2019oxydation ou bien le vol. Le\u00a0<strong>dossier<\/strong>\u00a0est r\u00e9alis\u00e9 en magasin. Si quoi que soit se passe au moment de la location, vous n\u2019avez rien \u00e0 faire seul.\u00a0<strong>On s\u2019occupe de tout.<\/strong><\/p>\t\t\t\t\t\t\t\t<\/div>\n\t\t\t\t<\/div>\n\t\t<div class=\"elementor-element elementor-element-d95f266 e-con-full e-flex e-con e-child\" data-id=\"d95f266\" data-element_type=\"container\" data-e-type=\"container\">\n\t\t\t\t<div class=\"elementor-element elementor-element-fb1d8ae elementor-widget elementor-widget-image\" data-id=\"fb1d8ae\" data-element_type=\"widget\" data-e-type=\"widget\" data-widget_type=\"image.default\">\n\t\t\t\t\t\t\t\t\t\t\t\t\t\t\t<img decoding=\"async\" src=\"https:\/\/avelismobileconcept.fr\/wp-content\/uploads\/elementor\/thumbs\/location-1-1-rjaoiekiplwg9d0gdabpg0lzkx0aoapebsr5a3v1u0.png\" title=\"location\u00a0(1) (1)\" alt=\"location\u00a0(1) (1)\" loading=\"lazy\" \/>\t\t\t\t\t\t\t\t\t\t\t\t\t\t\t<\/div>\n\t\t\t\t<\/div>\n\t\t\t\t\t<\/div>\n\t\t\t\t<\/div>\n\t\t\t\t<\/div>\n\t\t","protected":false},"excerpt":{"rendered":"<p>En\u00a0deux minutes chrono, on assure votre t\u00e9l\u00e9phone contre la casse, le vol, l\u2019oxydation. Les avantages de souscrire une\u00a0assurance\u00a0chez nous, votre appareil est prot\u00e9g\u00e9\u00a0d\u00e8s l\u2019achat, tout est couvert*. Si un\u00a0sinistre\u00a0est ouvert, nous avons une r\u00e9ponse sous 24 \u00e0 48 heures pour savoir si nous r\u00e9parons ou bien nous changeons\u00a0l\u2019appareil. C\u2019est rapide et on s\u2019occupe de tout [&hellip;]<\/p>\n","protected":false},"author":1,"featured_media":0,"parent":125,"menu_order":0,"comment_status":"closed","ping_status":"closed","template":"","meta":{"ocean_post_layout":"","ocean_both_sidebars_style":"","ocean_both_sidebars_content_width":0,"ocean_both_sidebars_sidebars_width":0,"ocean_sidebar":"","ocean_second_sidebar":"","ocean_disable_margins":"enable","ocean_add_body_class":"","ocean_shortcode_before_top_bar":"","ocean_shortcode_after_top_bar":"","ocean_shortcode_before_header":"","ocean_shortcode_after_header":"","ocean_has_shortcode":"","ocean_shortcode_after_title":"","ocean_shortcode_before_footer_widgets":"","ocean_shortcode_after_footer_widgets":"","ocean_shortcode_before_footer_bottom":"","ocean_shortcode_after_footer_bottom":"","ocean_display_top_bar":"default","ocean_display_header":"default","ocean_header_style":"","ocean_center_header_left_menu":"","ocean_custom_header_template":"","ocean_custom_logo":0,"ocean_custom_retina_logo":0,"ocean_custom_logo_max_width":0,"ocean_custom_logo_tablet_max_width":0,"ocean_custom_logo_mobile_max_width":0,"ocean_custom_logo_max_height":0,"ocean_custom_logo_tablet_max_height":0,"ocean_custom_logo_mobile_max_height":0,"ocean_header_custom_menu":"","ocean_menu_typo_font_family":"","ocean_menu_typo_font_subset":"","ocean_menu_typo_font_size":0,"ocean_menu_typo_font_size_tablet":0,"ocean_menu_typo_font_size_mobile":0,"ocean_menu_typo_font_size_unit":"px","ocean_menu_typo_font_weight":"","ocean_menu_typo_font_weight_tablet":"","ocean_menu_typo_font_weight_mobile":"","ocean_menu_typo_transform":"","ocean_menu_typo_transform_tablet":"","ocean_menu_typo_transform_mobile":"","ocean_menu_typo_line_height":0,"ocean_menu_typo_line_height_tablet":0,"ocean_menu_typo_line_height_mobile":0,"ocean_menu_typo_line_height_unit":"","ocean_menu_typo_spacing":0,"ocean_menu_typo_spacing_tablet":0,"ocean_menu_typo_spacing_mobile":0,"ocean_menu_typo_spacing_unit":"","ocean_menu_link_color":"","ocean_menu_link_color_hover":"","ocean_menu_link_color_active":"","ocean_menu_link_background":"","ocean_menu_link_hover_background":"","ocean_menu_link_active_background":"","ocean_menu_social_links_bg":"","ocean_menu_social_hover_links_bg":"","ocean_menu_social_links_color":"","ocean_menu_social_hover_links_color":"","ocean_disable_title":"default","ocean_disable_heading":"default","ocean_post_title":"","ocean_post_subheading":"","ocean_post_title_style":"","ocean_post_title_background_color":"","ocean_post_title_background":0,"ocean_post_title_bg_image_position":"","ocean_post_title_bg_image_attachment":"","ocean_post_title_bg_image_repeat":"","ocean_post_title_bg_image_size":"","ocean_post_title_height":0,"ocean_post_title_bg_overlay":0.5,"ocean_post_title_bg_overlay_color":"","ocean_disable_breadcrumbs":"default","ocean_breadcrumbs_color":"","ocean_breadcrumbs_separator_color":"","ocean_breadcrumbs_links_color":"","ocean_breadcrumbs_links_hover_color":"","ocean_display_footer_widgets":"default","ocean_display_footer_bottom":"default","ocean_custom_footer_template":"","footnotes":""},"class_list":["post-319","page","type-page","status-publish","hentry","entry"],"jetpack_sharing_enabled":true,"_links":{"self":[{"href":"https:\/\/avelismobileconcept.fr\/index.php?rest_route=\/wp\/v2\/pages\/319","targetHints":{"allow":["GET"]}}],"collection":[{"href":"https:\/\/avelismobileconcept.fr\/index.php?rest_route=\/wp\/v2\/pages"}],"about":[{"href":"https:\/\/avelismobileconcept.fr\/index.php?rest_route=\/wp\/v2\/types\/page"}],"author":[{"embeddable":true,"href":"https:\/\/avelismobileconcept.fr\/index.php?rest_route=\/wp\/v2\/users\/1"}],"replies":[{"embeddable":true,"href":"https:\/\/avelismobileconcept.fr\/index.php?rest_route=%2Fwp%2Fv2%2Fcomments&post=319"}],"version-history":[{"count":14,"href":"https:\/\/avelismobileconcept.fr\/index.php?rest_route=\/wp\/v2\/pages\/319\/revisions"}],"predecessor-version":[{"id":3427,"href":"https:\/\/avelismobileconcept.fr\/index.php?rest_route=\/wp\/v2\/pages\/319\/revisions\/3427"}],"up":[{"embeddable":true,"href":"https:\/\/avelismobileconcept.fr\/index.php?rest_route=\/wp\/v2\/pages\/125"}],"wp:attachment":[{"href":"https:\/\/avelismobileconcept.fr\/index.php?rest_route=%2Fwp%2Fv2%2Fmedia&parent=319"}],"curies":[{"name":"wp","href":"https:\/\/api.w.org\/{rel}","templated":true}]}}